{"id":14,"date":"2021-09-14T19:58:28","date_gmt":"2021-09-14T19:58:28","guid":{"rendered":"https:\/\/ouyaeducation.ca\/?post_type=product&#038;p=14"},"modified":"2022-06-09T04:22:04","modified_gmt":"2022-06-09T04:22:04","slug":"general-english-course","status":"publish","type":"product","link":"https:\/\/ouyaeducation.ca\/es\/program\/general-english-course\/","title":{"rendered":"Curso de ingl\u00e9s general"},"content":{"rendered":"<p>Este programa se enfoca principalmente en mejorar las habilidades de lectura, escritura y habla de los estudiantes. Las clases se llevan a cabo tanto en l\u00ednea como en el terreno.<\/p>\n<p>Los cursos de ingl\u00e9s general est\u00e1n dise\u00f1ados para estudiantes de todos los niveles de competencia en el idioma ingl\u00e9s, y tienen \u00e9nfasis en adquirir fluidez en la comunicaci\u00f3n oral y escrita, e involucran un alto nivel de participaci\u00f3n del estudiante. El objetivo de todos estos cursos es mejorar la precisi\u00f3n y la fluidez del estudiante a medida que asciende de nivel, desde principiante hasta avanzado plus.<\/p>\n<p>Estos cursos les dar\u00e1n a los estudiantes las habilidades que necesitan para comunicarse de manera efectiva en ingl\u00e9s y les proporcionar\u00e1n una base s\u00f3lida en gram\u00e1tica, vocabulario, lectura, escritura e ingl\u00e9s hablado.<\/p>\n<h5>TOMA ESTE CURSO SI:<\/h5>\n<ul>\n<li>Quieres mejorar tu nivel de ingl\u00e9s<\/li>\n<li>Quiere obtener una ventaja competitiva en el trabajo<\/li>\n<li>Te beneficiar\u00edas de la inmersi\u00f3n en ingl\u00e9s<\/li>\n<li>Quieres conocer gente de todo el mundo<\/li>\n<li>Desea aumentar su fluidez al hablar con hablantes nativos de ingl\u00e9s<\/li>\n<li>Quieres divertirte un poco mientras aprendes<\/li>\n<\/ul>","protected":false},"excerpt":{"rendered":"<p>El programa de Ingl\u00e9s General-ESL en Ouya Education ofrece a los estudiantes tres niveles, desde Principiante hasta Avanzado.<\/p>","protected":false},"featured_media":987,"template":"","meta":{"_acf_changed":false,"_seopress_robots_primary_cat":"none","_seopress_titles_title":" ESL Classes for Students Online %%sep%% %%sitetitle%%","_seopress_titles_desc":"Transform your Basic English language into professional skills by enrolling in our ESL classes online. Call us @ +1 (778) 350-0889 to learn more.","_seopress_robots_index":""},"product_brand":[],"product_cat":[16],"product_tag":[],"class_list":{"0":"post-14","1":"product","2":"type-product","3":"status-publish","4":"has-post-thumbnail","6":"product_cat-general-english-programs","8":"first","9":"instock","10":"virtual","11":"taxable","12":"purchasable","13":"product-type-simple"},"acf":[],"_links":{"self":[{"href":"https:\/\/ouyaeducation.ca\/es\/wp-json\/wp\/v2\/product\/14","targetHints":{"allow":["GET"]}}],"collection":[{"href":"https:\/\/ouyaeducation.ca\/es\/wp-json\/wp\/v2\/product"}],"about":[{"href":"https:\/\/ouyaeducation.ca\/es\/wp-json\/wp\/v2\/types\/product"}],"wp:featuredmedia":[{"embeddable":true,"href":"https:\/\/ouyaeducation.ca\/es\/wp-json\/wp\/v2\/media\/987"}],"wp:attachment":[{"href":"https:\/\/ouyaeducation.ca\/es\/wp-json\/wp\/v2\/media?parent=14"}],"wp:term":[{"taxonomy":"product_brand","embeddable":true,"href":"https:\/\/ouyaeducation.ca\/es\/wp-json\/wp\/v2\/product_brand?post=14"},{"taxonomy":"product_cat","embeddable":true,"href":"https:\/\/ouyaeducation.ca\/es\/wp-json\/wp\/v2\/product_cat?post=14"},{"taxonomy":"product_tag","embeddable":true,"href":"https:\/\/ouyaeducation.ca\/es\/wp-json\/wp\/v2\/product_tag?post=14"}],"curies":[{"name":"wp","href":"https:\/\/api.w.org\/{rel}","templated":true}]}}