{"id":15,"date":"2021-09-03T18:45:22","date_gmt":"2021-09-03T18:45:22","guid":{"rendered":"https:\/\/ouyaeducation.ca\/?post_type=product&#038;p=15"},"modified":"2022-06-10T06:47:12","modified_gmt":"2022-06-10T06:47:12","slug":"business-english-course","status":"publish","type":"product","link":"https:\/\/ouyaeducation.ca\/es\/program\/business-english-course\/","title":{"rendered":"Curso de Ingl\u00e9s de Negocios"},"content":{"rendered":"<h5>TOMA ESTE CURSO SI:<\/h5>\n<ul>\n<li>Est\u00e1s ingresando al mundo de los negocios en Canad\u00e1<\/li>\n<li>Quiere mejorar sus habilidades comerciales y sus habilidades x-culturales<\/li>\n<li>Ya eres un hablante de ingl\u00e9s competente<\/li>\n<li>Quiere aprender sobre temas como: Marketing, Contabilidad y Liderazgo<\/li>\n<li>Quiere tener confianza en las reuniones de negocios<\/li>\n<\/ul>","protected":false},"excerpt":{"rendered":"<p>El programa de ingl\u00e9s comercial brinda a los estudiantes los tipos de habilidades de comunicaci\u00f3n que se requieren en el mundo de los negocios. El programa incluye t\u00e9rminos comerciales de uso com\u00fan e informaci\u00f3n en los materiales de aprendizaje.<\/p>","protected":false},"featured_media":978,"template":"","meta":{"_acf_changed":false,"_seopress_robots_primary_cat":"none","_seopress_titles_title":"%%post_title%% %%sep%% %%sitetitle%%","_seopress_titles_desc":"Gain an array of communication skills that are essential in the English business world. Limited seats available. Hurry and register today!","_seopress_robots_index":""},"product_brand":[],"product_cat":[16],"product_tag":[20],"class_list":{"0":"post-15","1":"product","2":"type-product","3":"status-publish","4":"has-post-thumbnail","6":"product_cat-general-english-programs","7":"product_tag-business","9":"first","10":"instock","11":"virtual","12":"taxable","13":"purchasable","14":"product-type-simple"},"acf":[],"_links":{"self":[{"href":"https:\/\/ouyaeducation.ca\/es\/wp-json\/wp\/v2\/product\/15","targetHints":{"allow":["GET"]}}],"collection":[{"href":"https:\/\/ouyaeducation.ca\/es\/wp-json\/wp\/v2\/product"}],"about":[{"href":"https:\/\/ouyaeducation.ca\/es\/wp-json\/wp\/v2\/types\/product"}],"wp:featuredmedia":[{"embeddable":true,"href":"https:\/\/ouyaeducation.ca\/es\/wp-json\/wp\/v2\/media\/978"}],"wp:attachment":[{"href":"https:\/\/ouyaeducation.ca\/es\/wp-json\/wp\/v2\/media?parent=15"}],"wp:term":[{"taxonomy":"product_brand","embeddable":true,"href":"https:\/\/ouyaeducation.ca\/es\/wp-json\/wp\/v2\/product_brand?post=15"},{"taxonomy":"product_cat","embeddable":true,"href":"https:\/\/ouyaeducation.ca\/es\/wp-json\/wp\/v2\/product_cat?post=15"},{"taxonomy":"product_tag","embeddable":true,"href":"https:\/\/ouyaeducation.ca\/es\/wp-json\/wp\/v2\/product_tag?post=15"}],"curies":[{"name":"wp","href":"https:\/\/api.w.org\/{rel}","templated":true}]}}