{"id":16,"date":"2021-09-03T18:46:24","date_gmt":"2021-09-03T18:46:24","guid":{"rendered":"https:\/\/ouyaeducation.ca\/?post_type=product&#038;p=16"},"modified":"2022-06-10T06:47:40","modified_gmt":"2022-06-10T06:47:40","slug":"summer-english-learning-camp","status":"publish","type":"product","link":"https:\/\/ouyaeducation.ca\/es\/program\/summer-english-learning-camp\/","title":{"rendered":"Campamento de aprendizaje de ingl\u00e9s de verano"},"content":{"rendered":"<p>Ya sea que el estudiante sea un fan\u00e1tico de las clases, necesite atenci\u00f3n adicional o quiera aprender a un ritmo acelerado, este programa es muy efectivo para apoyar a los estudiantes del idioma ingl\u00e9s. Nuestros maestros calificados impartir\u00e1n lecciones que se adaptar\u00e1n a las necesidades del estudiante. \u00a1Cont\u00e1ctenos ahora para obtener m\u00e1s informaci\u00f3n sobre esta oportunidad de aprendizaje de idiomas!<\/p>","protected":false},"excerpt":{"rendered":"<p>El campamento de entrenamiento intensivo de verano en ingl\u00e9s ha sido dise\u00f1ado para estudiantes que desean mejorar sus habilidades en ingl\u00e9s para escuchar, hablar, leer y escribir.<\/p>","protected":false},"featured_media":977,"template":"","meta":{"_acf_changed":false,"_seopress_robots_primary_cat":"none","_seopress_titles_title":"%%post_title%% %%sep%% %%sitetitle%%","_seopress_titles_desc":"Boost up your English learning and speaking talents with a summer training camp without wasting holidays. Make it count by calling us.","_seopress_robots_index":""},"product_brand":[],"product_cat":[16],"product_tag":[19,18],"class_list":{"0":"post-16","1":"product","2":"type-product","3":"status-publish","4":"has-post-thumbnail","6":"product_cat-general-english-programs","7":"product_tag-camp","8":"product_tag-summer","10":"first","11":"instock","12":"virtual","13":"taxable","14":"purchasable","15":"product-type-simple"},"acf":[],"_links":{"self":[{"href":"https:\/\/ouyaeducation.ca\/es\/wp-json\/wp\/v2\/product\/16","targetHints":{"allow":["GET"]}}],"collection":[{"href":"https:\/\/ouyaeducation.ca\/es\/wp-json\/wp\/v2\/product"}],"about":[{"href":"https:\/\/ouyaeducation.ca\/es\/wp-json\/wp\/v2\/types\/product"}],"wp:featuredmedia":[{"embeddable":true,"href":"https:\/\/ouyaeducation.ca\/es\/wp-json\/wp\/v2\/media\/977"}],"wp:attachment":[{"href":"https:\/\/ouyaeducation.ca\/es\/wp-json\/wp\/v2\/media?parent=16"}],"wp:term":[{"taxonomy":"product_brand","embeddable":true,"href":"https:\/\/ouyaeducation.ca\/es\/wp-json\/wp\/v2\/product_brand?post=16"},{"taxonomy":"product_cat","embeddable":true,"href":"https:\/\/ouyaeducation.ca\/es\/wp-json\/wp\/v2\/product_cat?post=16"},{"taxonomy":"product_tag","embeddable":true,"href":"https:\/\/ouyaeducation.ca\/es\/wp-json\/wp\/v2\/product_tag?post=16"}],"curies":[{"name":"wp","href":"https:\/\/api.w.org\/{rel}","templated":true}]}}