{"id":17,"date":"2021-09-03T18:48:25","date_gmt":"2021-09-03T18:48:25","guid":{"rendered":"https:\/\/ouyaeducation.ca\/?post_type=product&#038;p=17"},"modified":"2022-06-10T06:49:10","modified_gmt":"2022-06-10T06:49:10","slug":"high-school-english-course","status":"publish","type":"product","link":"https:\/\/ouyaeducation.ca\/es\/program\/high-school-english-course\/","title":{"rendered":"Curso de ingl\u00e9s de secundaria"},"content":{"rendered":"<p>Las lecciones est\u00e1n dise\u00f1adas para brindar la m\u00e1xima interacci\u00f3n entre el maestro y el estudiante y brindar oportunidades para que los estudiantes perfeccionen sus habilidades en ingl\u00e9s para las diversas habilidades medidas por el plan de estudios de BC English 12 en escuchar, hablar, leer y escribir sobre la literatura de los siglos XIX y XX. escrito en ingles.<\/p>\n<p>Nuestros instructores mostrar\u00e1n a los padres y futuros estudiantes respuestas modelo y discutir\u00e1n estrategias de preguntas y respuestas. Sin embargo, la responsabilidad de practicar las habilidades de comunicaci\u00f3n requeridas requerir\u00e1 que el estudiante escriba de manera cr\u00edtica y correcta para producir el tipo de trabajo escrito que requiere el plan de estudios de ingl\u00e9s de secundaria superior. Los estudiantes no pueden simplemente memorizar textos o establecer respuestas, ya que los tipos de ex\u00e1menes que encontrar\u00e1n se basan en pasajes visuales. Dichos pasajes se extraen de poemas, cuentos, art\u00edculos de no ficci\u00f3n que es probable que el estudiante no haya visto antes. Tambi\u00e9n habr\u00e1 un tema de composici\u00f3n ampliado que probablemente el estudiante no haya considerado antes. Sin embargo, los instructores cubrir\u00e1n todos los t\u00e9rminos cr\u00edticos que los estudiantes probablemente encontrar\u00e1n en los ex\u00e1menes de ingl\u00e9s de la escuela secundaria de BC, y equipar\u00e1n a los estudiantes con las estrategias de an\u00e1lisis literario y comparaci\u00f3n-contraste que los estudiantes encontrar\u00e1n \u00fatiles para escribir las tareas regulares de la escuela secundaria y los ex\u00e1menes finales. .<\/p>","protected":false},"excerpt":{"rendered":"<p>El programa de ingl\u00e9s para escuelas secundarias se basa en un plan de estudios comprobado que ha ayudado a muchos estudiantes de secundaria, especialmente a aquellos estudiantes internacionales que se mudaron a Greater Victoria en los \u00faltimos cinco a\u00f1os, a mejorar las habilidades del idioma ingl\u00e9s requeridas por la escuela secundaria de ingl\u00e9s de Columbia Brit\u00e1nica. plan de estudios.<\/p>","protected":false},"featured_media":983,"template":"","meta":{"_acf_changed":false,"_seopress_robots_primary_cat":"none","_seopress_titles_title":"%%post_title%% %%sep%% %%sitetitle%%","_seopress_titles_desc":"We are specially suited to offer maximum teacher-to-student interaction lessons and opportunities to refine their English skills. Register today!","_seopress_robots_index":""},"product_brand":[],"product_cat":[21],"product_tag":[22],"class_list":{"0":"post-17","1":"product","2":"type-product","3":"status-publish","4":"has-post-thumbnail","6":"product_cat-academic-english-programs","7":"product_tag-high-school","9":"first","10":"instock","11":"virtual","12":"taxable","13":"purchasable","14":"product-type-simple"},"acf":[],"_links":{"self":[{"href":"https:\/\/ouyaeducation.ca\/es\/wp-json\/wp\/v2\/product\/17","targetHints":{"allow":["GET"]}}],"collection":[{"href":"https:\/\/ouyaeducation.ca\/es\/wp-json\/wp\/v2\/product"}],"about":[{"href":"https:\/\/ouyaeducation.ca\/es\/wp-json\/wp\/v2\/types\/product"}],"wp:featuredmedia":[{"embeddable":true,"href":"https:\/\/ouyaeducation.ca\/es\/wp-json\/wp\/v2\/media\/983"}],"wp:attachment":[{"href":"https:\/\/ouyaeducation.ca\/es\/wp-json\/wp\/v2\/media?parent=17"}],"wp:term":[{"taxonomy":"product_brand","embeddable":true,"href":"https:\/\/ouyaeducation.ca\/es\/wp-json\/wp\/v2\/product_brand?post=17"},{"taxonomy":"product_cat","embeddable":true,"href":"https:\/\/ouyaeducation.ca\/es\/wp-json\/wp\/v2\/product_cat?post=17"},{"taxonomy":"product_tag","embeddable":true,"href":"https:\/\/ouyaeducation.ca\/es\/wp-json\/wp\/v2\/product_tag?post=17"}],"curies":[{"name":"wp","href":"https:\/\/api.w.org\/{rel}","templated":true}]}}