{"id":18,"date":"2021-09-03T18:48:44","date_gmt":"2021-09-03T18:48:44","guid":{"rendered":"https:\/\/ouyaeducation.ca\/?post_type=product&#038;p=18"},"modified":"2022-06-10T06:49:28","modified_gmt":"2022-06-10T06:49:28","slug":"ielts-preparation-course","status":"publish","type":"product","link":"https:\/\/ouyaeducation.ca\/es\/program\/ielts-preparation-course\/","title":{"rendered":"Curso de preparaci\u00f3n para el IELTS"},"content":{"rendered":"<p>Las lecciones de dominio del idioma est\u00e1n dise\u00f1adas para proporcionar la m\u00e1xima interacci\u00f3n entre el maestro y el estudiante y para ofrecer numerosas oportunidades para que los estudiantes practiquen y perfeccionen su ingl\u00e9s hablado y escrito para cada secci\u00f3n de la prueba.<\/p>\n<p>Los estudiantes de este curso adquirir\u00e1n a trav\u00e9s de comentarios personalizados las habilidades ling\u00fc\u00edsticas que el IELTS, desarrollado en Gran Breta\u00f1a y Australia, requiere para el examen. El curso ayuda a los estudiantes a desarrollar y practicar sus estrategias para tomar el examen IELTS y tiene como objetivo ayudar a los estudiantes a obtener un puntaje general de al menos 6.5 en IELTS.<\/p>","protected":false},"excerpt":{"rendered":"<p class=\"elementor-heading-title elementor-size-default\">El curso de preparaci\u00f3n para el IELTS se basa en un plan de estudios comprobado que ha ayudado a miles de estudiantes internacionales a lograr sus objetivos (ingreso a la universidad) durante los \u00faltimos quince a\u00f1os, incluidos muchos estudiantes internacionales de secundaria de Greater Victoria.<\/p>","protected":false},"featured_media":982,"template":"","meta":{"_acf_changed":false,"_seopress_robots_primary_cat":"none","_seopress_titles_title":"Preparation Course for IELTS Exam Online %%sep%% Ouyaeducation.ca","_seopress_titles_desc":"Seeking excellent preparation courses for the IELTS exam online? Ouya International Education will offer a valuable time-tested syllabus.","_seopress_robots_index":""},"product_brand":[],"product_cat":[21],"product_tag":[23],"class_list":{"0":"post-18","1":"product","2":"type-product","3":"status-publish","4":"has-post-thumbnail","6":"product_cat-academic-english-programs","7":"product_tag-ielts","9":"first","10":"instock","11":"virtual","12":"taxable","13":"purchasable","14":"product-type-simple"},"acf":[],"_links":{"self":[{"href":"https:\/\/ouyaeducation.ca\/es\/wp-json\/wp\/v2\/product\/18","targetHints":{"allow":["GET"]}}],"collection":[{"href":"https:\/\/ouyaeducation.ca\/es\/wp-json\/wp\/v2\/product"}],"about":[{"href":"https:\/\/ouyaeducation.ca\/es\/wp-json\/wp\/v2\/types\/product"}],"wp:featuredmedia":[{"embeddable":true,"href":"https:\/\/ouyaeducation.ca\/es\/wp-json\/wp\/v2\/media\/982"}],"wp:attachment":[{"href":"https:\/\/ouyaeducation.ca\/es\/wp-json\/wp\/v2\/media?parent=18"}],"wp:term":[{"taxonomy":"product_brand","embeddable":true,"href":"https:\/\/ouyaeducation.ca\/es\/wp-json\/wp\/v2\/product_brand?post=18"},{"taxonomy":"product_cat","embeddable":true,"href":"https:\/\/ouyaeducation.ca\/es\/wp-json\/wp\/v2\/product_cat?post=18"},{"taxonomy":"product_tag","embeddable":true,"href":"https:\/\/ouyaeducation.ca\/es\/wp-json\/wp\/v2\/product_tag?post=18"}],"curies":[{"name":"wp","href":"https:\/\/api.w.org\/{rel}","templated":true}]}}