{"id":973,"date":"2021-09-14T20:15:04","date_gmt":"2021-09-14T20:15:04","guid":{"rendered":"https:\/\/ouyaeducation.ca\/?post_type=product&#038;p=973"},"modified":"2022-06-14T01:34:19","modified_gmt":"2022-06-14T01:34:19","slug":"english-editing-service","status":"publish","type":"product","link":"https:\/\/ouyaeducation.ca\/es\/program\/english-editing-service\/","title":{"rendered":"Servicio de edici\u00f3n en ingl\u00e9s"},"content":{"rendered":"<p>Ubicados en Victoria, BC, los editores, indexadores y correctores experimentados de Ouya tienen el conocimiento para dar forma y fortalecer su trabajo escrito, ya sean libros acad\u00e9micos y art\u00edculos de revistas, comunicaciones comerciales o un trabajo de no ficci\u00f3n.<\/p>\n<p>Para satisfacer las diversas necesidades de publicaci\u00f3n de nuestros clientes, nuestro equipo de editores profesionales ofrece una gama completa de servicios calificados tanto en l\u00ednea como in situ en Victoria, BC.<\/p>","protected":false},"excerpt":{"rendered":"<p>\u00a1Da lo mejor de ti con nuestro servicio de edici\u00f3n profesional!<\/p>\n<p>Excelencia. Confianza. Lealtad. Buen servicio.<\/p>","protected":false},"featured_media":976,"template":"","meta":{"_acf_changed":false,"_seopress_robots_primary_cat":"none","_seopress_titles_title":"%%post_title%% %%sep%% %%sitetitle%%","_seopress_titles_desc":"Take one step forward with our professional English editing service that achieves the client&#039;s publishing needs with no flaw.","_seopress_robots_index":""},"product_brand":[],"product_cat":[38],"product_tag":[34,35],"class_list":{"0":"post-973","1":"product","2":"type-product","3":"status-publish","4":"has-post-thumbnail","6":"product_cat-english-language-service","7":"product_tag-editing-service","8":"product_tag-writing-service","10":"first","11":"instock","12":"virtual","13":"taxable","14":"purchasable","15":"product-type-simple"},"acf":[],"_links":{"self":[{"href":"https:\/\/ouyaeducation.ca\/es\/wp-json\/wp\/v2\/product\/973","targetHints":{"allow":["GET"]}}],"collection":[{"href":"https:\/\/ouyaeducation.ca\/es\/wp-json\/wp\/v2\/product"}],"about":[{"href":"https:\/\/ouyaeducation.ca\/es\/wp-json\/wp\/v2\/types\/product"}],"wp:featuredmedia":[{"embeddable":true,"href":"https:\/\/ouyaeducation.ca\/es\/wp-json\/wp\/v2\/media\/976"}],"wp:attachment":[{"href":"https:\/\/ouyaeducation.ca\/es\/wp-json\/wp\/v2\/media?parent=973"}],"wp:term":[{"taxonomy":"product_brand","embeddable":true,"href":"https:\/\/ouyaeducation.ca\/es\/wp-json\/wp\/v2\/product_brand?post=973"},{"taxonomy":"product_cat","embeddable":true,"href":"https:\/\/ouyaeducation.ca\/es\/wp-json\/wp\/v2\/product_cat?post=973"},{"taxonomy":"product_tag","embeddable":true,"href":"https:\/\/ouyaeducation.ca\/es\/wp-json\/wp\/v2\/product_tag?post=973"}],"curies":[{"name":"wp","href":"https:\/\/api.w.org\/{rel}","templated":true}]}}