{"id":974,"date":"2021-09-14T20:21:48","date_gmt":"2021-09-14T20:21:48","guid":{"rendered":"https:\/\/ouyaeducation.ca\/?post_type=product&#038;p=974"},"modified":"2021-10-26T20:02:00","modified_gmt":"2021-10-26T20:02:00","slug":"immigration-consulting","status":"publish","type":"product","link":"https:\/\/ouyaeducation.ca\/es\/program\/immigration-consulting\/","title":{"rendered":"Consultor\u00eda de Inmigraci\u00f3n"},"content":{"rendered":"<p>Ouya Education, con sede en Victoria, Columbia Brit\u00e1nica, Canad\u00e1, se ocupa con frecuencia de cuestiones de empleo (reclutamiento y retenci\u00f3n) para trabajadores extranjeros temporales (TFW), as\u00ed como de solicitudes de residencia temporal y permanente y otros asuntos generales de inmigraci\u00f3n con los departamentos federales canadienses. (IRCC y CBSA).<\/p>\n<p>Ouya Education tambi\u00e9n brinda servicios de consultor\u00eda educativa para estudiantes-clientes que desean estudiar en Canad\u00e1 y requieren ayuda con la <a href=\"https:\/\/ouyaeducation.ca\/es\/program\/school-application-service\/\">proceso de solicitud<\/a>.<\/p>\n<p>En Ouya Education nos hemos dedicado a ayudar a los estudiantes de idiomas extranjeros que est\u00e1n interesados en visitar Canad\u00e1 con el fin de estudiar, trabajar y quiz\u00e1s incluso establecerse en Canad\u00e1.<\/p>\n<p>Como una empresa profesional, reguladora y ego\u00edsta con experiencia en leyes, pol\u00edticas y procedimientos de inmigraci\u00f3n, Ouya Education tiene contacto con el Consejo Regulador de Consultores de Inmigraci\u00f3n de Canad\u00e1 (ICCRC), consultores certificados (RCIC) que son miembros de pleno derecho con buena reputaci\u00f3n. , para garantizar la calidad de las presentaciones de todos los clientes a varios departamentos gubernamentales involucrados en los permisos de estudiantes y trabajadores extranjeros.<\/p>\n<p>Representamos a nuestros clientes ante el Departamento de Inmigraci\u00f3n, Refugiados y Ciudadan\u00eda de Canad\u00e1 (IRCC), la Agencia de Servicios Fronterizos de Canad\u00e1 (CBSA) y la Junta de Inmigraci\u00f3n y Refugiados de Canad\u00e1 (IRB).<\/p>","protected":false},"excerpt":{"rendered":"<p>Ouya Education, which is based in Victoria, British Columbia, Canada, frequently deals with issues of employment (recruitment and retention) for temporary foreign workers (TFW), as well as temporary and permanent residency applications and other general immigration matters with Canadian federal departments (IRCC and CBSA). Ouya Education also provides educational consulting services for student- clients who [&hellip;]<\/p>\n","protected":false},"featured_media":980,"template":"","meta":{"_acf_changed":false,"_seopress_robots_primary_cat":"none","_seopress_titles_title":"Immigration Consulting Canada %%sep%% %%sitetitle%%","_seopress_titles_desc":"The Canada Immigration Agents at Ouya Education handle matters related to employment for foreign workers, residency applications, educational consulting, and more.","_seopress_robots_index":""},"product_brand":[],"product_cat":[38],"product_tag":[33],"class_list":{"0":"post-974","1":"product","2":"type-product","3":"status-publish","4":"has-post-thumbnail","6":"product_cat-english-language-service","7":"product_tag-immigration","9":"first","10":"instock","11":"virtual","12":"taxable","13":"purchasable","14":"product-type-simple"},"acf":[],"_links":{"self":[{"href":"https:\/\/ouyaeducation.ca\/es\/wp-json\/wp\/v2\/product\/974","targetHints":{"allow":["GET"]}}],"collection":[{"href":"https:\/\/ouyaeducation.ca\/es\/wp-json\/wp\/v2\/product"}],"about":[{"href":"https:\/\/ouyaeducation.ca\/es\/wp-json\/wp\/v2\/types\/product"}],"wp:featuredmedia":[{"embeddable":true,"href":"https:\/\/ouyaeducation.ca\/es\/wp-json\/wp\/v2\/media\/980"}],"wp:attachment":[{"href":"https:\/\/ouyaeducation.ca\/es\/wp-json\/wp\/v2\/media?parent=974"}],"wp:term":[{"taxonomy":"product_brand","embeddable":true,"href":"https:\/\/ouyaeducation.ca\/es\/wp-json\/wp\/v2\/product_brand?post=974"},{"taxonomy":"product_cat","embeddable":true,"href":"https:\/\/ouyaeducation.ca\/es\/wp-json\/wp\/v2\/product_cat?post=974"},{"taxonomy":"product_tag","embeddable":true,"href":"https:\/\/ouyaeducation.ca\/es\/wp-json\/wp\/v2\/product_tag?post=974"}],"curies":[{"name":"wp","href":"https:\/\/api.w.org\/{rel}","templated":true}]}}