{"id":14,"date":"2021-09-14T19:58:28","date_gmt":"2021-09-14T19:58:28","guid":{"rendered":"https:\/\/ouyaeducation.ca\/?post_type=product&#038;p=14"},"modified":"2022-06-09T04:22:04","modified_gmt":"2022-06-09T04:22:04","slug":"general-english-course","status":"publish","type":"product","link":"https:\/\/ouyaeducation.ca\/pt\/program\/general-english-course\/","title":{"rendered":"Curso de Ingl\u00eas Geral"},"content":{"rendered":"<p>Este programa se concentra principalmente em melhorar as habilidades de leitura, escrita e fala dos alunos. As aulas s\u00e3o ministradas online e presenciais.<\/p>\n<p>Os cursos de ingl\u00eas geral s\u00e3o projetados para alunos de todos os n\u00edveis de compet\u00eancia da l\u00edngua inglesa e t\u00eam \u00eanfase na aquisi\u00e7\u00e3o de flu\u00eancia na comunica\u00e7\u00e3o oral e escrita e envolvem um alto n\u00edvel de participa\u00e7\u00e3o do aluno. O objetivo de todos esses cursos \u00e9 melhorar a precis\u00e3o e a flu\u00eancia do aluno \u00e0 medida que ele sobe de n\u00edvel, do iniciante ao avan\u00e7ado.<\/p>\n<p>Esses cursos dar\u00e3o aos alunos as habilidades necess\u00e1rias para se comunicarem efetivamente em ingl\u00eas e fornecer\u00e3o aos alunos uma base s\u00f3lida em gram\u00e1tica, vocabul\u00e1rio, leitura, escrita e ingl\u00eas falado.<\/p>\n<h5>FA\u00c7A ESTE CURSO SE:<\/h5>\n<ul>\n<li>Voc\u00ea quer melhorar seu n\u00edvel de ingl\u00eas<\/li>\n<li>Voc\u00ea deseja obter uma vantagem competitiva no trabalho<\/li>\n<li>Voc\u00ea se beneficiaria da imers\u00e3o em ingl\u00eas<\/li>\n<li>Voc\u00ea quer conhecer pessoas de todo o mundo<\/li>\n<li>Voc\u00ea deseja aumentar sua flu\u00eancia ao conversar com falantes nativos de ingl\u00eas<\/li>\n<li>Voc\u00ea quer se divertir um pouco enquanto aprende<\/li>\n<\/ul>","protected":false},"excerpt":{"rendered":"<p>O programa General English Program-ESL na Ouya Education oferece aos alunos tr\u00eas n\u00edveis, do iniciante ao avan\u00e7ado.<\/p>","protected":false},"featured_media":987,"template":"","meta":{"_acf_changed":false,"_seopress_robots_primary_cat":"none","_seopress_titles_title":" ESL Classes for Students Online %%sep%% %%sitetitle%%","_seopress_titles_desc":"Transform your Basic English language into professional skills by enrolling in our ESL classes online. Call us @ +1 (778) 350-0889 to learn more.","_seopress_robots_index":""},"product_brand":[],"product_cat":[16],"product_tag":[],"class_list":{"0":"post-14","1":"product","2":"type-product","3":"status-publish","4":"has-post-thumbnail","6":"product_cat-general-english-programs","8":"first","9":"instock","10":"virtual","11":"taxable","12":"purchasable","13":"product-type-simple"},"acf":[],"_links":{"self":[{"href":"https:\/\/ouyaeducation.ca\/pt\/wp-json\/wp\/v2\/product\/14","targetHints":{"allow":["GET"]}}],"collection":[{"href":"https:\/\/ouyaeducation.ca\/pt\/wp-json\/wp\/v2\/product"}],"about":[{"href":"https:\/\/ouyaeducation.ca\/pt\/wp-json\/wp\/v2\/types\/product"}],"wp:featuredmedia":[{"embeddable":true,"href":"https:\/\/ouyaeducation.ca\/pt\/wp-json\/wp\/v2\/media\/987"}],"wp:attachment":[{"href":"https:\/\/ouyaeducation.ca\/pt\/wp-json\/wp\/v2\/media?parent=14"}],"wp:term":[{"taxonomy":"product_brand","embeddable":true,"href":"https:\/\/ouyaeducation.ca\/pt\/wp-json\/wp\/v2\/product_brand?post=14"},{"taxonomy":"product_cat","embeddable":true,"href":"https:\/\/ouyaeducation.ca\/pt\/wp-json\/wp\/v2\/product_cat?post=14"},{"taxonomy":"product_tag","embeddable":true,"href":"https:\/\/ouyaeducation.ca\/pt\/wp-json\/wp\/v2\/product_tag?post=14"}],"curies":[{"name":"wp","href":"https:\/\/api.w.org\/{rel}","templated":true}]}}