{"id":973,"date":"2021-09-14T20:15:04","date_gmt":"2021-09-14T20:15:04","guid":{"rendered":"https:\/\/ouyaeducation.ca\/?post_type=product&#038;p=973"},"modified":"2022-06-14T01:34:19","modified_gmt":"2022-06-14T01:34:19","slug":"english-editing-service","status":"publish","type":"product","link":"https:\/\/ouyaeducation.ca\/pt\/program\/english-editing-service\/","title":{"rendered":"Servi\u00e7o de edi\u00e7\u00e3o em ingl\u00eas"},"content":{"rendered":"<p>Localizado em Victoria, BC, os editores, indexadores e revisores experientes da Ouya t\u00eam o know-how para moldar e fortalecer seu trabalho escrito, seja livros acad\u00eamicos e artigos de peri\u00f3dicos, comunica\u00e7\u00f5es comerciais ou um trabalho de n\u00e3o fic\u00e7\u00e3o.<\/p>\n<p>Para atender \u00e0s diversas necessidades de publica\u00e7\u00e3o de nossos clientes, nossa equipe de editores profissionais oferece uma gama completa de servi\u00e7os qualificados on-line e em campo em Victoria, BC.<\/p>","protected":false},"excerpt":{"rendered":"<p>D\u00ea o seu melhor com nosso servi\u00e7o de edi\u00e7\u00e3o profissional!<\/p>\n<p>Excel\u00eancia. Confiabilidade. Lealdade. Bom servi\u00e7o.<\/p>","protected":false},"featured_media":976,"template":"","meta":{"_acf_changed":false,"_seopress_robots_primary_cat":"none","_seopress_titles_title":"%%post_title%% %%sep%% %%sitetitle%%","_seopress_titles_desc":"Take one step forward with our professional English editing service that achieves the client&#039;s publishing needs with no flaw.","_seopress_robots_index":""},"product_brand":[],"product_cat":[38],"product_tag":[34,35],"class_list":{"0":"post-973","1":"product","2":"type-product","3":"status-publish","4":"has-post-thumbnail","6":"product_cat-english-language-service","7":"product_tag-editing-service","8":"product_tag-writing-service","10":"first","11":"instock","12":"virtual","13":"taxable","14":"purchasable","15":"product-type-simple"},"acf":[],"_links":{"self":[{"href":"https:\/\/ouyaeducation.ca\/pt\/wp-json\/wp\/v2\/product\/973","targetHints":{"allow":["GET"]}}],"collection":[{"href":"https:\/\/ouyaeducation.ca\/pt\/wp-json\/wp\/v2\/product"}],"about":[{"href":"https:\/\/ouyaeducation.ca\/pt\/wp-json\/wp\/v2\/types\/product"}],"wp:featuredmedia":[{"embeddable":true,"href":"https:\/\/ouyaeducation.ca\/pt\/wp-json\/wp\/v2\/media\/976"}],"wp:attachment":[{"href":"https:\/\/ouyaeducation.ca\/pt\/wp-json\/wp\/v2\/media?parent=973"}],"wp:term":[{"taxonomy":"product_brand","embeddable":true,"href":"https:\/\/ouyaeducation.ca\/pt\/wp-json\/wp\/v2\/product_brand?post=973"},{"taxonomy":"product_cat","embeddable":true,"href":"https:\/\/ouyaeducation.ca\/pt\/wp-json\/wp\/v2\/product_cat?post=973"},{"taxonomy":"product_tag","embeddable":true,"href":"https:\/\/ouyaeducation.ca\/pt\/wp-json\/wp\/v2\/product_tag?post=973"}],"curies":[{"name":"wp","href":"https:\/\/api.w.org\/{rel}","templated":true}]}}