{"id":180,"date":"2021-09-08T21:54:13","date_gmt":"2021-09-08T21:54:13","guid":{"rendered":"https:\/\/ouyaeducation.ca\/?page_id=180"},"modified":"2022-07-13T18:25:09","modified_gmt":"2022-07-13T18:25:09","slug":"about-us","status":"publish","type":"page","link":"https:\/\/ouyaeducation.ca\/vi\/about-us\/","title":{"rendered":"V\u1ec1 ch\u00fang t\u00f4i"},"content":{"rendered":"<div data-elementor-type=\"wp-page\" data-elementor-id=\"180\" class=\"elementor elementor-180\" data-elementor-post-type=\"page\">\n\t\t\t\t\t\t<section class=\"elementor-section elementor-top-section elementor-element elementor-element-a2698be elementor-section-stretched elementor-section-height-min-height elementor-section-items-bottom elementor-section-boxed elementor-section-height-default\" data-id=\"a2698be\" data-element_type=\"section\" data-e-type=\"section\" data-settings=\"{&quot;stretch_section&quot;:&quot;section-stretched&quot;,&quot;background_background&quot;:&quot;classic&quot;}\">\n\t\t\t\t\t\t<div class=\"elementor-container elementor-column-gap-default\">\n\t\t\t\t\t<div class=\"elementor-column elementor-col-33 elementor-top-column elementor-element elementor-element-221e7302\" data-id=\"221e7302\" data-element_type=\"column\" data-e-type=\"column\" data-settings=\"{&quot;background_background&quot;:&quot;classic&quot;}\">\n\t\t\t<div class=\"elementor-widget-wrap elementor-element-populated\">\n\t\t\t\t\t\t<div class=\"elementor-element elementor-element-5a4c88a6 elementor-widget elementor-widget-icon-box\" data-id=\"5a4c88a6\" data-element_type=\"widget\" data-e-type=\"widget\" data-widget_type=\"icon-box.default\">\n\t\t\t\t<div class=\"elementor-widget-container\">\n\t\t\t\t\t\t\t<div class=\"elementor-icon-box-wrapper\">\n\n\t\t\t\n\t\t\t\t\t\t<div class=\"elementor-icon-box-content\">\n\n\t\t\t\t\n\t\t\t\t\t\t\t\t\t<p class=\"elementor-icon-box-description\">\n\t\t\t\t\t\tGi\u1edbi thi\u1ec7u v\u1ec1 Ouya Education\t\t\t\t\t<\/p>\n\t\t\t\t\n\t\t\t<\/div>\n\t\t\t\n\t\t<\/div>\n\t\t\t\t\t\t<\/div>\n\t\t\t\t<\/div>\n\t\t\t\t\t<\/div>\n\t\t<\/div>\n\t\t\t\t<div class=\"elementor-column elementor-col-33 elementor-top-column elementor-element elementor-element-16738c0\" data-id=\"16738c0\" data-element_type=\"column\" data-e-type=\"column\">\n\t\t\t<div class=\"elementor-widget-wrap\">\n\t\t\t\t\t\t\t<\/div>\n\t\t<\/div>\n\t\t\t\t<div class=\"elementor-column elementor-col-33 elementor-top-column elementor-element elementor-element-7f94afb3\" data-id=\"7f94afb3\" data-element_type=\"column\" data-e-type=\"column\">\n\t\t\t<div class=\"elementor-widget-wrap\">\n\t\t\t\t\t\t\t<\/div>\n\t\t<\/div>\n\t\t\t\t\t<\/div>\n\t\t<\/section>\n\t\t\t\t<section class=\"elementor-section elementor-top-section elementor-element elementor-element-5694fb2b elementor-section-stretched elementor-section-boxed elementor-section-height-default elementor-section-height-default\" data-id=\"5694fb2b\" data-element_type=\"section\" data-e-type=\"section\" data-settings=\"{&quot;stretch_section&quot;:&quot;section-stretched&quot;}\">\n\t\t\t\t\t\t<div class=\"elementor-container elementor-column-gap-default\">\n\t\t\t\t\t<div class=\"elementor-column elementor-col-50 elementor-top-column elementor-element elementor-element-7cc57425\" data-id=\"7cc57425\" data-element_type=\"column\" data-e-type=\"column\">\n\t\t\t<div class=\"elementor-widget-wrap elementor-element-populated\">\n\t\t\t\t\t\t<div class=\"elementor-element elementor-element-3802c02c elementor-drop-cap-yes elementor-drop-cap-view-default elementor-widget elementor-widget-text-editor\" data-id=\"3802c02c\" data-element_type=\"widget\" data-e-type=\"widget\" data-settings=\"{&quot;drop_cap&quot;:&quot;yes&quot;}\" data-widget_type=\"text-editor.default\">\n\t\t\t\t<div class=\"elementor-widget-container\">\n\t\t\t\t\t\t\t\t\t<p>Ouya International Education and Technology, Inc. (Ouya International), c\u00f3 tr\u1ee5 s\u1edf ch\u00ednh t\u1ea1i Victoria, BC, l\u00e0 m\u1ed9t c\u01a1 quan h\u1ed7 tr\u1ee3 gi\u00e1o d\u1ee5c v\u00e0 d\u1ea1y k\u00e8m ti\u1ebfng Anh nh\u1eb1m ph\u1ee5c v\u1ee5 sinh vi\u00ean qu\u1ed1c t\u1ebf v\u00e0 nh\u1eefng ng\u01b0\u1eddi h\u1ecdc ng\u00f4n ng\u1eef kh\u00e1c.<\/p>\t\t\t\t\t\t\t\t<\/div>\n\t\t\t\t<\/div>\n\t\t\t\t<div class=\"elementor-element elementor-element-1ed370f elementor-widget elementor-widget-text-editor\" data-id=\"1ed370f\" data-element_type=\"widget\" data-e-type=\"widget\" data-widget_type=\"text-editor.default\">\n\t\t\t\t<div class=\"elementor-widget-container\">\n\t\t\t\t\t\t\t\t\t<p>Ouya Education c\u00f3 nh\u1eefng gi\u00e1o vi\u00ean \u0111\u1eb7c bi\u1ec7t, m\u1ed9t s\u1ed1 c\u00f3 tr\u00ecnh \u0111\u1ed9 gi\u1ea3ng d\u1ea1y \u0111\u1ea1i h\u1ecdc. T\u1ea5t c\u1ea3 c\u00e1c kh\u00f3a h\u1ecdc c\u00f3 th\u1ec3 \u0111\u01b0\u1ee3c d\u1ea1y song ng\u1eef. V\u00ed d\u1ee5, ti\u1ebfng Anh v\u00e0 ti\u1ebfng Trung, ti\u1ebfng Anh v\u00e0 ti\u1ebfng T\u00e2y Ban Nha. C\u00e1c kh\u00f3a h\u1ecdc \u0111\u01b0\u1ee3c gi\u1ea3ng d\u1ea1y tr\u1ef1c tuy\u1ebfn ho\u1eb7c t\u1ea1i ch\u1ed7 ho\u1eb7c c\u1ea3 hai \u0111\u1ecbnh d\u1ea1ng.<\/p>\t\t\t\t\t\t\t\t<\/div>\n\t\t\t\t<\/div>\n\t\t\t\t<div class=\"elementor-element elementor-element-f1cb0ab elementor-widget elementor-widget-text-editor\" data-id=\"f1cb0ab\" data-element_type=\"widget\" data-e-type=\"widget\" data-widget_type=\"text-editor.default\">\n\t\t\t\t<div class=\"elementor-widget-container\">\n\t\t\t\t\t\t\t\t\t<p>Ouya Education \u0111\u00e3 v\u00e0 \u0111ang thay \u0111\u1ed5i cu\u1ed9c s\u1ed1ng t\u1ed1t \u0111\u1eb9p h\u01a1n trong 5 n\u0103m qua. V\u1edbi Ouya qu\u1ed1c t\u1ebf, b\u1ea1n c\u00f3 th\u1ec3 \u0111\u1ea1t \u0111\u01b0\u1ee3c m\u1ee5c ti\u00eau gi\u00e1o d\u1ee5c c\u1ee7a m\u00ecnh, b\u1ea5t k\u1ec3 b\u1ea1n \u1edf \u0111\u00e2u.<\/p>\t\t\t\t\t\t\t\t<\/div>\n\t\t\t\t<\/div>\n\t\t\t\t<div class=\"elementor-element elementor-element-1c5448a elementor-widget elementor-widget-text-editor\" data-id=\"1c5448a\" data-element_type=\"widget\" data-e-type=\"widget\" data-widget_type=\"text-editor.default\">\n\t\t\t\t<div class=\"elementor-widget-container\">\n\t\t\t\t\t\t\t\t\t<p><strong><em>Du H\u1ecdc Canada V\u1edbi Ch\u01b0\u01a1ng Tr\u00ecnh Gi\u00e1o D\u1ee5c Qu\u1ed1c T\u1ebf Ouya!<\/em><\/strong><\/p>\t\t\t\t\t\t\t\t<\/div>\n\t\t\t\t<\/div>\n\t\t\t\t<div class=\"elementor-element elementor-element-562dd9f elementor-button-warning elementor-align-justify elementor-widget__width-inherit elementor-widget elementor-widget-global elementor-global-253 elementor-widget-button\" data-id=\"562dd9f\" data-element_type=\"widget\" data-e-type=\"widget\" data-widget_type=\"button.default\">\n\t\t\t\t<div class=\"elementor-widget-container\">\n\t\t\t\t\t\t\t\t\t<div class=\"elementor-button-wrapper\">\n\t\t\t\t\t<a class=\"elementor-button elementor-button-link elementor-size-lg\" href=\"https:\/\/ouyaeducation.ca\/vi\/enroll-now\/\">\n\t\t\t\t\t\t<span class=\"elementor-button-content-wrapper\">\n\t\t\t\t\t\t<span class=\"elementor-button-icon\">\n\t\t\t\t<i aria-hidden=\"true\" class=\"fas fa-caret-right\"><\/i>\t\t\t<\/span>\n\t\t\t\t\t\t\t\t\t<span class=\"elementor-button-text\">Xem c\u00e1c ch\u01b0\u01a1ng tr\u00ecnh c\u1ee7a ch\u00fang t\u00f4i<\/span>\n\t\t\t\t\t<\/span>\n\t\t\t\t\t<\/a>\n\t\t\t\t<\/div>\n\t\t\t\t\t\t\t\t<\/div>\n\t\t\t\t<\/div>\n\t\t\t\t\t<\/div>\n\t\t<\/div>\n\t\t\t\t<div class=\"elementor-column elementor-col-50 elementor-top-column elementor-element elementor-element-66729ae3\" data-id=\"66729ae3\" data-element_type=\"column\" data-e-type=\"column\">\n\t\t\t<div class=\"elementor-widget-wrap elementor-element-populated\">\n\t\t\t\t\t\t<div class=\"elementor-element elementor-element-9badb86 elementor-widget elementor-widget-image\" data-id=\"9badb86\" data-element_type=\"widget\" data-e-type=\"widget\" data-widget_type=\"image.default\">\n\t\t\t\t<div class=\"elementor-widget-container\">\n\t\t\t\t\t\t\t\t\t\t\t\t\t\t\t<img fetchpriority=\"high\" decoding=\"async\" width=\"800\" height=\"600\" src=\"https:\/\/ouyaeducation.ca\/wp-content\/uploads\/2021\/09\/ogden-point-breakwater-victoria-bc-ouya-international-education-1024x768.jpg\" class=\"attachment-large size-large wp-image-301\" alt=\"C\u00e1c Kh\u00f3a h\u1ecdc Ti\u1ebfng Anh Tr\u1ef1c tuy\u1ebfn Ouya Education\" srcset=\"https:\/\/ouyaeducation.ca\/wp-content\/uploads\/2021\/09\/ogden-point-breakwater-victoria-bc-ouya-international-education-1024x768.jpg.webp 1024w, https:\/\/ouyaeducation.ca\/wp-content\/uploads\/2021\/09\/ogden-point-breakwater-victoria-bc-ouya-international-education-300x225.jpg.webp 300w, https:\/\/ouyaeducation.ca\/wp-content\/uploads\/2021\/09\/ogden-point-breakwater-victoria-bc-ouya-international-education-768x576.jpg.webp 768w, https:\/\/ouyaeducation.ca\/wp-content\/uploads\/2021\/09\/ogden-point-breakwater-victoria-bc-ouya-international-education-600x450.jpg.webp 600w, https:\/\/ouyaeducation.ca\/wp-content\/uploads\/2021\/09\/ogden-point-breakwater-victoria-bc-ouya-international-education.jpg.webp 1096w\" sizes=\"(max-width: 800px) 100vw, 800px\" \/>\t\t\t\t\t\t\t\t\t\t\t\t\t\t\t<\/div>\n\t\t\t\t<\/div>\n\t\t\t\t\t<\/div>\n\t\t<\/div>\n\t\t\t\t\t<\/div>\n\t\t<\/section>\n\t\t\t\t<section class=\"elementor-section elementor-top-section elementor-element elementor-element-e5b5884 elementor-section-full_width elementor-section-height-default elementor-section-height-default\" data-id=\"e5b5884\" data-element_type=\"section\" data-e-type=\"section\">\n\t\t\t\t\t\t<div class=\"elementor-container elementor-column-gap-no\">\n\t\t\t\t\t<div class=\"elementor-column elementor-col-100 elementor-top-column elementor-element elementor-element-1ca3f5c\" data-id=\"1ca3f5c\" data-element_type=\"column\" data-e-type=\"column\">\n\t\t\t<div class=\"elementor-widget-wrap elementor-element-populated\">\n\t\t\t\t\t\t<div class=\"elementor-element elementor-element-561f775 elementor-widget elementor-widget-template\" data-id=\"561f775\" data-element_type=\"widget\" data-e-type=\"widget\" data-widget_type=\"template.default\">\n\t\t\t\t<div class=\"elementor-widget-container\">\n\t\t\t\t\t\t\t<div class=\"elementor-template\">\n\t\t\t\t\t<div data-elementor-type=\"section\" data-elementor-id=\"767\" class=\"elementor elementor-767\" data-elementor-post-type=\"elementor_library\">\n\t\t\t\t\t<section class=\"elementor-section elementor-top-section elementor-element elementor-element-91a6d71 elementor-section-full_width elementor-section-height-default elementor-section-height-default\" data-id=\"91a6d71\" data-element_type=\"section\" data-e-type=\"section\">\n\t\t\t\t\t\t<div class=\"elementor-container elementor-column-gap-no\">\n\t\t\t\t\t<div class=\"elementor-column elementor-col-100 elementor-top-column elementor-element elementor-element-6a14e94\" data-id=\"6a14e94\" data-element_type=\"column\" data-e-type=\"column\">\n\t\t\t<div class=\"elementor-widget-wrap elementor-element-populated\">\n\t\t\t\t\t\t<div class=\"elementor-element elementor-element-fae73c0 elementor--h-position-center elementor--v-position-middle elementor-arrows-position-inside elementor-pagination-position-inside elementor-widget elementor-widget-slides\" data-id=\"fae73c0\" data-element_type=\"widget\" data-e-type=\"widget\" data-settings=\"{&quot;navigation&quot;:&quot;both&quot;,&quot;autoplay&quot;:&quot;yes&quot;,&quot;pause_on_hover&quot;:&quot;yes&quot;,&quot;pause_on_interaction&quot;:&quot;yes&quot;,&quot;autoplay_speed&quot;:5000,&quot;infinite&quot;:&quot;yes&quot;,&quot;transition&quot;:&quot;slide&quot;,&quot;transition_speed&quot;:500}\" data-widget_type=\"slides.default\">\n\t\t\t\t<div class=\"elementor-widget-container\">\n\t\t\t\t\t\t\t\t\t<div class=\"elementor-swiper\">\n\t\t\t\t\t<div class=\"elementor-slides-wrapper elementor-main-swiper swiper\" role=\"region\" aria-roledescription=\"carousel\" aria-label=\"\u30b9\u30e9\u30a4\u30c9\" dir=\"ltr\" data-animation=\"fadeInUp\" data-no-translation-aria-label=\"\">\n\t\t\t\t<div class=\"swiper-wrapper elementor-slides\">\n\t\t\t\t\t\t\t\t\t\t<div class=\"elementor-repeater-item-7ce76fd swiper-slide\" role=\"group\" aria-roledescription=\"slide\"><div class=\"swiper-slide-bg elementor-ken-burns elementor-ken-burns--in\" role=\"img\" aria-label=\"victoria-bc-skyline\"><\/div><div class=\"swiper-slide-inner\" ><div class=\"swiper-slide-contents\"><div class=\"elementor-slide-heading\">Kh\u00e1m ph\u00e1 Victoria<\/div><\/div><\/div><\/div><div class=\"elementor-repeater-item-0d06c11 swiper-slide\" role=\"group\" aria-roledescription=\"slide\"><div class=\"swiper-slide-bg elementor-ken-burns elementor-ken-burns--in\" role=\"img\" aria-label=\"Online English Courses Ouya Education\"><\/div><div class=\"swiper-slide-inner\" ><div class=\"swiper-slide-contents\"><div class=\"elementor-slide-heading\">H\u1ecdc v\u1edbi Ouya<\/div><\/div><\/div><\/div><div class=\"elementor-repeater-item-4fe5627 swiper-slide\" role=\"group\" aria-roledescription=\"slide\"><div class=\"swiper-slide-bg elementor-ken-burns elementor-ken-burns--in\" role=\"img\" aria-label=\"beautiful-creek-victoria-bc\"><\/div><div class=\"swiper-slide-inner\" ><div class=\"swiper-slide-contents\"><div class=\"elementor-slide-heading\">Thay \u0111\u1ed5i cu\u1ed9c s\u1ed1ng k\u1ec3 t\u1eeb n\u0103m 2018<\/div><\/div><\/div><\/div><div class=\"elementor-repeater-item-aacdae5 swiper-slide\" role=\"group\" aria-roledescription=\"slide\"><div class=\"swiper-slide-bg elementor-ken-burns elementor-ken-burns--in\" role=\"img\" aria-label=\"victoria-bc-mount-dg-ouya-international-education\"><\/div><div class=\"swiper-slide-inner\" ><div class=\"swiper-slide-contents\"><div class=\"elementor-slide-heading\">\u0110\u1ea1t \u0111\u01b0\u1ee3c m\u1ee5c ti\u00eau ng\u00f4n ng\u1eef c\u1ee7a b\u1ea1n<\/div><\/div><\/div><\/div>\t\t\t\t<\/div>\n\t\t\t\t\t\t\t\t\t\t\t\t\t\t\t<div class=\"elementor-swiper-button elementor-swiper-button-prev\" role=\"button\" tabindex=\"0\" aria-label=\"\u524d\u306e\u30b9\u30e9\u30a4\u30c9\" data-no-translation-aria-label=\"\">\n\t\t\t\t\t\t\t<i aria-hidden=\"true\" class=\"eicon-chevron-left\"><\/i>\t\t\t\t\t\t<\/div>\n\t\t\t\t\t\t<div class=\"elementor-swiper-button elementor-swiper-button-next\" role=\"button\" tabindex=\"0\" aria-label=\"\u6b21\u306e\u30b9\u30e9\u30a4\u30c9\" data-no-translation-aria-label=\"\">\n\t\t\t\t\t\t\t<i aria-hidden=\"true\" class=\"eicon-chevron-right\"><\/i>\t\t\t\t\t\t<\/div>\n\t\t\t\t\t\t\t\t\t\t\t\t\t\t\t\t<div class=\"swiper-pagination\"><\/div>\n\t\t\t\t\t\t\t\t\t\t\t\t<\/div>\n\t\t\t\t<\/div>\n\t\t\t\t\t\t\t\t<\/div>\n\t\t\t\t<\/div>\n\t\t\t\t\t<\/div>\n\t\t<\/div>\n\t\t\t\t\t<\/div>\n\t\t<\/section>\n\t\t\t\t<\/div>\n\t\t\t\t<\/div>\n\t\t\t\t\t\t<\/div>\n\t\t\t\t<\/div>\n\t\t\t\t\t<\/div>\n\t\t<\/div>\n\t\t\t\t\t<\/div>\n\t\t<\/section>\n\t\t\t\t<\/div>","protected":false},"excerpt":{"rendered":"<p>About Ouya Education Ouya International Education and Technology, Inc. (Ouya International), headquartered in Victoria, B. C., is an English language tutoring and educational support agency intended to serve international students and other language-learners. Ouya Education has unique teachers, some with university teaching backgrounds. All courses can be taught bilingual. For example, English and Chinese, English [&hellip;]<\/p>\n","protected":false},"author":1,"featured_media":0,"parent":0,"menu_order":0,"comment_status":"closed","ping_status":"closed","template":"","meta":{"_acf_changed":false,"_seopress_robots_primary_cat":"","_seopress_titles_title":"About Ouya International Education","_seopress_titles_desc":"We are aimed to provide assistance plus guidance for our international candidates and other language learners in English language programs and immigration consultancy.","_seopress_robots_index":"","footnotes":""},"class_list":["post-180","page","type-page","status-publish","hentry"],"acf":[],"_links":{"self":[{"href":"https:\/\/ouyaeducation.ca\/vi\/wp-json\/wp\/v2\/pages\/180","targetHints":{"allow":["GET"]}}],"collection":[{"href":"https:\/\/ouyaeducation.ca\/vi\/wp-json\/wp\/v2\/pages"}],"about":[{"href":"https:\/\/ouyaeducation.ca\/vi\/wp-json\/wp\/v2\/types\/page"}],"author":[{"embeddable":true,"href":"https:\/\/ouyaeducation.ca\/vi\/wp-json\/wp\/v2\/users\/1"}],"replies":[{"embeddable":true,"href":"https:\/\/ouyaeducation.ca\/vi\/wp-json\/wp\/v2\/comments?post=180"}],"version-history":[{"count":8,"href":"https:\/\/ouyaeducation.ca\/vi\/wp-json\/wp\/v2\/pages\/180\/revisions"}],"predecessor-version":[{"id":2959,"href":"https:\/\/ouyaeducation.ca\/vi\/wp-json\/wp\/v2\/pages\/180\/revisions\/2959"}],"wp:attachment":[{"href":"https:\/\/ouyaeducation.ca\/vi\/wp-json\/wp\/v2\/media?parent=180"}],"curies":[{"name":"wp","href":"https:\/\/api.w.org\/{rel}","templated":true}]}}