{"id":190,"date":"2021-09-08T22:00:12","date_gmt":"2021-09-08T22:00:12","guid":{"rendered":"https:\/\/ouyaeducation.ca\/?page_id=190"},"modified":"2022-01-31T20:26:25","modified_gmt":"2022-01-31T20:26:25","slug":"general-english-programs","status":"publish","type":"page","link":"https:\/\/ouyaeducation.ca\/vi\/general-english-programs\/","title":{"rendered":"Ch\u01b0\u01a1ng tr\u00ecnh ti\u1ebfng Anh t\u1ed5ng qu\u00e1t"},"content":{"rendered":"<div data-elementor-type=\"wp-page\" data-elementor-id=\"190\" class=\"elementor elementor-190\" data-elementor-post-type=\"page\">\n\t\t\t\t\t\t<section class=\"elementor-section elementor-top-section elementor-element elementor-element-7960711c elementor-section-stretched elementor-section-height-min-height elementor-section-items-bottom elementor-section-boxed elementor-section-height-default\" data-id=\"7960711c\" data-element_type=\"section\" data-e-type=\"section\" data-settings=\"{&quot;stretch_section&quot;:&quot;section-stretched&quot;,&quot;background_background&quot;:&quot;classic&quot;}\">\n\t\t\t\t\t\t<div class=\"elementor-container elementor-column-gap-default\">\n\t\t\t\t\t<div class=\"elementor-column elementor-col-33 elementor-top-column elementor-element elementor-element-45afe350\" data-id=\"45afe350\" data-element_type=\"column\" data-e-type=\"column\" data-settings=\"{&quot;background_background&quot;:&quot;classic&quot;}\">\n\t\t\t<div class=\"elementor-widget-wrap elementor-element-populated\">\n\t\t\t\t\t\t<div class=\"elementor-element elementor-element-22df8841 elementor-widget elementor-widget-icon-box\" data-id=\"22df8841\" data-element_type=\"widget\" data-e-type=\"widget\" data-widget_type=\"icon-box.default\">\n\t\t\t\t<div class=\"elementor-widget-container\">\n\t\t\t\t\t\t\t<div class=\"elementor-icon-box-wrapper\">\n\n\t\t\t\n\t\t\t\t\t\t<div class=\"elementor-icon-box-content\">\n\n\t\t\t\t\t\t\t\t\t<h2 class=\"elementor-icon-box-title\">\n\t\t\t\t\t\t<span  >\n\t\t\t\t\t\t\tCh\u01b0\u01a1ng tr\u00ecnh ti\u1ebfng Anh t\u1ed5ng qu\u00e1t\t\t\t\t\t\t<\/span>\n\t\t\t\t\t<\/h2>\n\t\t\t\t\n\t\t\t\t\t\t\t\t\t<p class=\"elementor-icon-box-description\">\n\t\t\t\t\t\tCh\u01b0\u01a1ng tr\u00ecnh ESL\t\t\t\t\t<\/p>\n\t\t\t\t\n\t\t\t<\/div>\n\t\t\t\n\t\t<\/div>\n\t\t\t\t\t\t<\/div>\n\t\t\t\t<\/div>\n\t\t\t\t\t<\/div>\n\t\t<\/div>\n\t\t\t\t<div class=\"elementor-column elementor-col-33 elementor-top-column elementor-element elementor-element-7f35a051\" data-id=\"7f35a051\" data-element_type=\"column\" data-e-type=\"column\">\n\t\t\t<div class=\"elementor-widget-wrap\">\n\t\t\t\t\t\t\t<\/div>\n\t\t<\/div>\n\t\t\t\t<div class=\"elementor-column elementor-col-33 elementor-top-column elementor-element elementor-element-7f38341e\" data-id=\"7f38341e\" data-element_type=\"column\" data-e-type=\"column\">\n\t\t\t<div class=\"elementor-widget-wrap\">\n\t\t\t\t\t\t\t<\/div>\n\t\t<\/div>\n\t\t\t\t\t<\/div>\n\t\t<\/section>\n\t\t\t\t<section class=\"elementor-section elementor-top-section elementor-element elementor-element-4eef729c elementor-section-boxed elementor-section-height-default elementor-section-height-default\" data-id=\"4eef729c\" data-element_type=\"section\" data-e-type=\"section\">\n\t\t\t\t\t\t<div class=\"elementor-container elementor-column-gap-default\">\n\t\t\t\t\t<div class=\"elementor-column elementor-col-100 elementor-top-column elementor-element elementor-element-2d33da02\" data-id=\"2d33da02\" data-element_type=\"column\" data-e-type=\"column\">\n\t\t\t<div class=\"elementor-widget-wrap elementor-element-populated\">\n\t\t\t\t\t\t<div class=\"elementor-element elementor-element-66ddb3ea elementor-widget elementor-widget-heading\" data-id=\"66ddb3ea\" data-element_type=\"widget\" data-e-type=\"widget\" data-widget_type=\"heading.default\">\n\t\t\t\t<div class=\"elementor-widget-container\">\n\t\t\t\t\t<h2 class=\"elementor-heading-title elementor-size-large\">Ch\u01b0\u01a1ng tr\u00ecnh ti\u1ebfng Anh t\u1ed5ng qu\u00e1t<\/h2>\t\t\t\t<\/div>\n\t\t\t\t<\/div>\n\t\t\t\t<div class=\"elementor-element elementor-element-142181e5 elementor-product-loop-item--align-center elementor-grid-4 elementor-grid-tablet-3 elementor-grid-mobile-2 elementor-products-grid elementor-wc-products elementor-widget elementor-widget-woocommerce-products\" data-id=\"142181e5\" data-element_type=\"widget\" data-e-type=\"widget\" data-widget_type=\"woocommerce-products.default\">\n\t\t\t\t<div class=\"elementor-widget-container\">\n\t\t\t\t\t<div class=\"woocommerce columns-4\"><ul class=\"products elementor-grid columns-4\">\n<li class=\"product type-product post-14 status-publish first instock product_cat-general-english-programs has-post-thumbnail virtual taxable purchasable product-type-simple\">\n\t<a href=\"https:\/\/ouyaeducation.ca\/vi\/program\/general-english-course\/\" class=\"woocommerce-LoopProduct-link woocommerce-loop-product__link\"><img fetchpriority=\"high\" decoding=\"async\" width=\"300\" height=\"300\" src=\"https:\/\/ouyaeducation.ca\/wp-content\/uploads\/2021\/09\/serwin365-avMyDRq-9fU-unsplash-min-300x300.jpg\" class=\"attachment-woocommerce_thumbnail size-woocommerce_thumbnail\" alt=\"General-English-Courses-Ouya-Education-Victoria BC\" srcset=\"https:\/\/ouyaeducation.ca\/wp-content\/uploads\/2021\/09\/serwin365-avMyDRq-9fU-unsplash-min-300x300.jpg 300w, https:\/\/ouyaeducation.ca\/wp-content\/uploads\/2021\/09\/serwin365-avMyDRq-9fU-unsplash-min-150x150.jpg 150w, https:\/\/ouyaeducation.ca\/wp-content\/uploads\/2021\/09\/serwin365-avMyDRq-9fU-unsplash-min-100x100.jpg 100w\" sizes=\"(max-width: 300px) 100vw, 300px\" \/><h2 class=\"woocommerce-loop-product__title\">Kh\u00f3a h\u1ecdc ti\u1ebfng Anh t\u1ed5ng qu\u00e1t<\/h2>\n\t<span class=\"price\">Gi\u00e1 h\u00e0ng gi\u1edd \/ $15<\/span>\n<\/a><a href=\"\/vi\/wp-json\/wp\/v2\/pages\/190?add-to-cart=14\" aria-describedby=\"woocommerce_loop_add_to_cart_link_describedby_14\" data-quantity=\"1\" class=\"button product_type_simple add_to_cart_button ajax_add_to_cart\" data-product_id=\"14\" data-product_sku=\"\" aria-label=\"Th\u00eam v\u00e0o gi\u1ecf h\u00e0ng: \u201cGeneral English Course\u201d\" rel=\"nofollow\" data-success_message=\"\u201cGeneral English Course\u201d \u0111\u00e3 \u0111\u01b0\u1ee3c th\u00eam v\u00e0o gi\u1ecf h\u00e0ng c\u1ee7a b\u1ea1n\" data-no-translation=\"\" data-trp-gettext=\"\" data-no-translation-aria-label=\"\" data-no-translation-data-success_message=\"\">Th\u00eam v\u00e0o gi\u1ecf h\u00e0ng<\/a>\t<span id=\"woocommerce_loop_add_to_cart_link_describedby_14\" class=\"screen-reader-text\">\n\t\t\t<\/span>\n<\/li>\n<li class=\"product type-product post-15 status-publish instock product_cat-general-english-programs product_tag-business has-post-thumbnail virtual taxable purchasable product-type-simple\">\n\t<a href=\"https:\/\/ouyaeducation.ca\/vi\/program\/business-english-course\/\" class=\"woocommerce-LoopProduct-link woocommerce-loop-product__link\"><img decoding=\"async\" width=\"300\" height=\"300\" src=\"https:\/\/ouyaeducation.ca\/wp-content\/uploads\/2021\/09\/brooke-cagle-g1Kr4Ozfoac-unsplash-min-300x300.jpg\" class=\"attachment-woocommerce_thumbnail size-woocommerce_thumbnail\" alt=\"Business-English-Courses-Ouya-Education\" srcset=\"https:\/\/ouyaeducation.ca\/wp-content\/uploads\/2021\/09\/brooke-cagle-g1Kr4Ozfoac-unsplash-min-300x300.jpg 300w, https:\/\/ouyaeducation.ca\/wp-content\/uploads\/2021\/09\/brooke-cagle-g1Kr4Ozfoac-unsplash-min-150x150.jpg 150w, https:\/\/ouyaeducation.ca\/wp-content\/uploads\/2021\/09\/brooke-cagle-g1Kr4Ozfoac-unsplash-min-100x100.jpg 100w\" sizes=\"(max-width: 300px) 100vw, 300px\" \/><h2 class=\"woocommerce-loop-product__title\">Kh\u00f3a h\u1ecdc ti\u1ebfng Anh th\u01b0\u01a1ng m\u1ea1i<\/h2>\n\t<span class=\"price\">Gi\u00e1 h\u00e0ng gi\u1edd \/ $10<\/span>\n<\/a><a href=\"\/vi\/wp-json\/wp\/v2\/pages\/190?add-to-cart=15\" aria-describedby=\"woocommerce_loop_add_to_cart_link_describedby_15\" data-quantity=\"1\" class=\"button product_type_simple add_to_cart_button ajax_add_to_cart\" data-product_id=\"15\" data-product_sku=\"\" aria-label=\"Th\u00eam v\u00e0o gi\u1ecf h\u00e0ng: \u201cBusiness English Course\u201d\" rel=\"nofollow\" data-success_message=\"\u201cBusiness English Course\u201d \u0111\u00e3 \u0111\u01b0\u1ee3c th\u00eam v\u00e0o gi\u1ecf h\u00e0ng c\u1ee7a b\u1ea1n\" data-no-translation=\"\" data-trp-gettext=\"\" data-no-translation-aria-label=\"\" data-no-translation-data-success_message=\"\">Th\u00eam v\u00e0o gi\u1ecf h\u00e0ng<\/a>\t<span id=\"woocommerce_loop_add_to_cart_link_describedby_15\" class=\"screen-reader-text\">\n\t\t\t<\/span>\n<\/li>\n<li class=\"product type-product post-16 status-publish instock product_cat-general-english-programs product_tag-camp product_tag-summer has-post-thumbnail virtual taxable purchasable product-type-simple\">\n\t<a href=\"https:\/\/ouyaeducation.ca\/vi\/program\/summer-english-learning-camp\/\" class=\"woocommerce-LoopProduct-link woocommerce-loop-product__link\"><img decoding=\"async\" width=\"300\" height=\"300\" src=\"https:\/\/ouyaeducation.ca\/wp-content\/uploads\/2021\/09\/alexis-brown-Xv7k95vOFA-unsplash-min-300x300.jpg\" class=\"attachment-woocommerce_thumbnail size-woocommerce_thumbnail\" alt=\"Summer-English-Learning-Camp-Ouya-Education\" srcset=\"https:\/\/ouyaeducation.ca\/wp-content\/uploads\/2021\/09\/alexis-brown-Xv7k95vOFA-unsplash-min-300x300.jpg 300w, https:\/\/ouyaeducation.ca\/wp-content\/uploads\/2021\/09\/alexis-brown-Xv7k95vOFA-unsplash-min-150x150.jpg 150w, https:\/\/ouyaeducation.ca\/wp-content\/uploads\/2021\/09\/alexis-brown-Xv7k95vOFA-unsplash-min-100x100.jpg 100w\" sizes=\"(max-width: 300px) 100vw, 300px\" \/><h2 class=\"woocommerce-loop-product__title\">Tr\u1ea1i h\u00e8 h\u1ecdc ti\u1ebfng Anh<\/h2>\n\t<span class=\"price\">Gi\u00e1 h\u00e0ng gi\u1edd \/ $10<\/span>\n<\/a><a href=\"\/vi\/wp-json\/wp\/v2\/pages\/190?add-to-cart=16\" aria-describedby=\"woocommerce_loop_add_to_cart_link_describedby_16\" data-quantity=\"1\" class=\"button product_type_simple add_to_cart_button ajax_add_to_cart\" data-product_id=\"16\" data-product_sku=\"\" aria-label=\"Th\u00eam v\u00e0o gi\u1ecf h\u00e0ng: \u201cSummer English Learning Camp\u201d\" rel=\"nofollow\" data-success_message=\"\u201cSummer English Learning Camp\u201d \u0111\u00e3 \u0111\u01b0\u1ee3c th\u00eam v\u00e0o gi\u1ecf h\u00e0ng c\u1ee7a b\u1ea1n\" data-no-translation=\"\" data-trp-gettext=\"\" data-no-translation-aria-label=\"\" data-no-translation-data-success_message=\"\">Th\u00eam v\u00e0o gi\u1ecf h\u00e0ng<\/a>\t<span id=\"woocommerce_loop_add_to_cart_link_describedby_16\" class=\"screen-reader-text\">\n\t\t\t<\/span>\n<\/li>\n<\/ul>\n<\/div>\t\t\t\t<\/div>\n\t\t\t\t<\/div>\n\t\t\t\t\t<\/div>\n\t\t<\/div>\n\t\t\t\t\t<\/div>\n\t\t<\/section>\n\t\t\t\t<section class=\"elementor-section elementor-top-section elementor-element elementor-element-7bedc588 elementor-section-full_width elementor-section-height-default elementor-section-height-default\" data-id=\"7bedc588\" data-element_type=\"section\" data-e-type=\"section\">\n\t\t\t\t\t\t<div class=\"elementor-container elementor-column-gap-no\">\n\t\t\t\t\t<div class=\"elementor-column elementor-col-100 elementor-top-column elementor-element elementor-element-45894f60\" data-id=\"45894f60\" data-element_type=\"column\" data-e-type=\"column\">\n\t\t\t<div class=\"elementor-widget-wrap elementor-element-populated\">\n\t\t\t\t\t\t<div class=\"elementor-element elementor-element-2dcfce86 elementor-widget elementor-widget-template\" data-id=\"2dcfce86\" data-element_type=\"widget\" data-e-type=\"widget\" data-widget_type=\"template.default\">\n\t\t\t\t<div class=\"elementor-widget-container\">\n\t\t\t\t\t\t\t<div class=\"elementor-template\">\n\t\t\t\t\t<div data-elementor-type=\"section\" data-elementor-id=\"1009\" class=\"elementor elementor-1009\" data-elementor-post-type=\"elementor_library\">\n\t\t\t\t\t<section class=\"elementor-section elementor-top-section elementor-element elementor-element-af56a13 elementor-section-stretched elementor-section-full_width elementor-section-height-default elementor-section-height-default\" data-id=\"af56a13\" data-element_type=\"section\" data-e-type=\"section\" data-settings=\"{&quot;stretch_section&quot;:&quot;section-stretched&quot;,&quot;background_background&quot;:&quot;classic&quot;}\">\n\t\t\t\t\t\t\t<div class=\"elementor-background-overlay\"><\/div>\n\t\t\t\t\t\t\t<div class=\"elementor-container elementor-column-gap-no\">\n\t\t\t\t\t<div class=\"elementor-column elementor-col-100 elementor-top-column elementor-element elementor-element-5ac59af1\" data-id=\"5ac59af1\" data-element_type=\"column\" data-e-type=\"column\">\n\t\t\t<div class=\"elementor-widget-wrap elementor-element-populated\">\n\t\t\t\t\t\t<section class=\"elementor-section elementor-inner-section elementor-element elementor-element-5272402a elementor-section-content-middle elementor-section-height-min-height elementor-section-boxed elementor-section-height-default\" data-id=\"5272402a\" data-element_type=\"section\" data-e-type=\"section\">\n\t\t\t\t\t\t<div class=\"elementor-container elementor-column-gap-default\">\n\t\t\t\t\t<div class=\"elementor-column elementor-col-50 elementor-inner-column elementor-element elementor-element-6d4242f2\" data-id=\"6d4242f2\" data-element_type=\"column\" data-e-type=\"column\">\n\t\t\t<div class=\"elementor-widget-wrap elementor-element-populated\">\n\t\t\t\t\t\t<div class=\"elementor-element elementor-element-60c02fdf elementor-widget-mobile__width-inherit elementor-widget elementor-widget-heading\" data-id=\"60c02fdf\" data-element_type=\"widget\" data-e-type=\"widget\" data-widget_type=\"heading.default\">\n\t\t\t\t<div class=\"elementor-widget-container\">\n\t\t\t\t\t<h3 class=\"elementor-heading-title elementor-size-default\">B\u1ea1n mu\u1ed1n bi\u1ebft b\u1ea1n \u0111ang \u1edf c\u1ea5p \u0111\u1ed9 v\u1ecb tr\u00ed n\u00e0o?<\/h3>\t\t\t\t<\/div>\n\t\t\t\t<\/div>\n\t\t\t\t<div class=\"elementor-element elementor-element-57636ba0 elementor-widget elementor-widget-text-editor\" data-id=\"57636ba0\" data-element_type=\"widget\" data-e-type=\"widget\" data-widget_type=\"text-editor.default\">\n\t\t\t\t<div class=\"elementor-widget-container\">\n\t\t\t\t\t\t\t\t\t<p>L\u00e0m B\u00e0i Ki\u1ec3m tra Ti\u1ebfng Anh c\u1ee7a ch\u00fang t\u00f4i \u0111\u1ec3 bi\u1ebft b\u1ea1n ph\u00f9 h\u1ee3p v\u1edbi tr\u00ecnh \u0111\u1ed9 x\u1ebfp l\u1edbp n\u00e0o cho c\u00e1c Ch\u01b0\u01a1ng tr\u00ecnh Ti\u1ebfng Anh T\u1ed5ng qu\u00e1t c\u1ee7a ch\u00fang t\u00f4i.<\/p>\t\t\t\t\t\t\t\t<\/div>\n\t\t\t\t<\/div>\n\t\t\t\t\t<\/div>\n\t\t<\/div>\n\t\t\t\t<div class=\"elementor-column elementor-col-50 elementor-inner-column elementor-element elementor-element-45053e25\" data-id=\"45053e25\" data-element_type=\"column\" data-e-type=\"column\">\n\t\t\t<div class=\"elementor-widget-wrap elementor-element-populated\">\n\t\t\t\t\t\t<div class=\"elementor-element elementor-element-4d55c29 elementor-align-left elementor-tablet-align-center elementor-mobile-align-justify elementor-widget elementor-widget-button\" data-id=\"4d55c29\" data-element_type=\"widget\" data-e-type=\"widget\" data-widget_type=\"button.default\">\n\t\t\t\t<div class=\"elementor-widget-container\">\n\t\t\t\t\t\t\t\t\t<div class=\"elementor-button-wrapper\">\n\t\t\t\t\t<a class=\"elementor-button elementor-button-link elementor-size-xl\" href=\"https:\/\/ouyaeducation.ca\/vi\/assessment-test\/\" target=\"_blank\">\n\t\t\t\t\t\t<span class=\"elementor-button-content-wrapper\">\n\t\t\t\t\t\t<span class=\"elementor-button-icon\">\n\t\t\t\t<i aria-hidden=\"true\" class=\"fas fa-caret-right\"><\/i>\t\t\t<\/span>\n\t\t\t\t\t\t\t\t\t<span class=\"elementor-button-text\">L\u00e0m b\u00e0i ki\u1ec3m tra ti\u1ebfng Anh c\u1ee7a ch\u00fang t\u00f4i<\/span>\n\t\t\t\t\t<\/span>\n\t\t\t\t\t<\/a>\n\t\t\t\t<\/div>\n\t\t\t\t\t\t\t\t<\/div>\n\t\t\t\t<\/div>\n\t\t\t\t\t<\/div>\n\t\t<\/div>\n\t\t\t\t\t<\/div>\n\t\t<\/section>\n\t\t\t\t\t<\/div>\n\t\t<\/div>\n\t\t\t\t\t<\/div>\n\t\t<\/section>\n\t\t\t\t<\/div>\n\t\t\t\t<\/div>\n\t\t\t\t\t\t<\/div>\n\t\t\t\t<\/div>\n\t\t\t\t\t<\/div>\n\t\t<\/div>\n\t\t\t\t\t<\/div>\n\t\t<\/section>\n\t\t\t\t<\/div>","protected":false},"excerpt":{"rendered":"<p>Ch\u01b0\u01a1ng tr\u00ecnh ESL<\/p>","protected":false},"author":1,"featured_media":0,"parent":0,"menu_order":0,"comment_status":"closed","ping_status":"closed","template":"","meta":{"_acf_changed":false,"_seopress_robots_primary_cat":"","_seopress_titles_title":"%%post_title%% %%sep%% %%sitetitle%%","_seopress_titles_desc":"Learn how to upgrade your underlying English reading, writing, and listening skills to pro with our expert guidance and time-tested curriculum.","_seopress_robots_index":"","footnotes":""},"class_list":["post-190","page","type-page","status-publish","hentry"],"acf":[],"_links":{"self":[{"href":"https:\/\/ouyaeducation.ca\/vi\/wp-json\/wp\/v2\/pages\/190","targetHints":{"allow":["GET"]}}],"collection":[{"href":"https:\/\/ouyaeducation.ca\/vi\/wp-json\/wp\/v2\/pages"}],"about":[{"href":"https:\/\/ouyaeducation.ca\/vi\/wp-json\/wp\/v2\/types\/page"}],"author":[{"embeddable":true,"href":"https:\/\/ouyaeducation.ca\/vi\/wp-json\/wp\/v2\/users\/1"}],"replies":[{"embeddable":true,"href":"https:\/\/ouyaeducation.ca\/vi\/wp-json\/wp\/v2\/comments?post=190"}],"version-history":[{"count":0,"href":"https:\/\/ouyaeducation.ca\/vi\/wp-json\/wp\/v2\/pages\/190\/revisions"}],"wp:attachment":[{"href":"https:\/\/ouyaeducation.ca\/vi\/wp-json\/wp\/v2\/media?parent=190"}],"curies":[{"name":"wp","href":"https:\/\/api.w.org\/{rel}","templated":true}]}}