{"id":14,"date":"2021-09-14T19:58:28","date_gmt":"2021-09-14T19:58:28","guid":{"rendered":"https:\/\/ouyaeducation.ca\/?post_type=product&#038;p=14"},"modified":"2022-06-09T04:22:04","modified_gmt":"2022-06-09T04:22:04","slug":"general-english-course","status":"publish","type":"product","link":"https:\/\/ouyaeducation.ca\/vi\/program\/general-english-course\/","title":{"rendered":"Kh\u00f3a h\u1ecdc ti\u1ebfng Anh t\u1ed5ng qu\u00e1t"},"content":{"rendered":"<p>Ch\u01b0\u01a1ng tr\u00ecnh n\u00e0y ch\u1ee7 y\u1ebfu t\u1eadp trung v\u00e0o vi\u1ec7c c\u1ea3i thi\u1ec7n c\u00e1c k\u1ef9 n\u0103ng \u0111\u1ecdc, vi\u1ebft v\u00e0 n\u00f3i c\u1ee7a h\u1ecdc sinh. C\u00e1c l\u1edbp h\u1ecdc \u0111\u01b0\u1ee3c th\u1ef1c hi\u1ec7n c\u1ea3 tr\u1ef1c tuy\u1ebfn v\u00e0 tr\u00ean m\u1eb7t \u0111\u1ea5t.<\/p>\n<p>C\u00e1c kh\u00f3a h\u1ecdc ti\u1ebfng Anh t\u1ed5ng qu\u00e1t \u0111\u01b0\u1ee3c thi\u1ebft k\u1ebf cho ng\u01b0\u1eddi h\u1ecdc \u1edf m\u1ecdi c\u1ea5p \u0111\u1ed9 n\u0103ng l\u1ef1c ti\u1ebfng Anh, v\u00e0 ch\u00fa tr\u1ecdng v\u00e0o vi\u1ec7c \u0111\u1ea1t \u0111\u01b0\u1ee3c kh\u1ea3 n\u0103ng giao ti\u1ebfp n\u00f3i v\u00e0 vi\u1ebft tr\u00f4i ch\u1ea3y, \u0111\u1ed3ng th\u1eddi thu h\u00fat s\u1ef1 tham gia c\u1ee7a ng\u01b0\u1eddi h\u1ecdc \u1edf m\u1ee9c \u0111\u1ed9 cao. M\u1ee5c ti\u00eau c\u1ee7a t\u1ea5t c\u1ea3 c\u00e1c kh\u00f3a h\u1ecdc n\u00e0y l\u00e0 c\u1ea3i thi\u1ec7n \u0111\u1ed9 ch\u00ednh x\u00e1c v\u00e0 s\u1ef1 tr\u00f4i ch\u1ea3y c\u1ee7a h\u1ecdc sinh khi h\u1ecdc sinh n\u00e2ng cao tr\u00ecnh \u0111\u1ed9 t\u1eeb s\u01a1 c\u1ea5p \u0111\u1ebfn n\u00e2ng cao.<\/p>\n<p>C\u00e1c kh\u00f3a h\u1ecdc n\u00e0y s\u1ebd cung c\u1ea5p cho sinh vi\u00ean c\u00e1c k\u1ef9 n\u0103ng c\u1ea7n thi\u1ebft \u0111\u1ec3 giao ti\u1ebfp hi\u1ec7u qu\u1ea3 b\u1eb1ng ti\u1ebfng Anh, \u0111\u1ed3ng th\u1eddi s\u1ebd cung c\u1ea5p cho sinh vi\u00ean n\u1ec1n t\u1ea3ng v\u1eefng ch\u1eafc v\u1ec1 ng\u1eef ph\u00e1p, t\u1eeb v\u1ef1ng, \u0111\u1ecdc, vi\u1ebft v\u00e0 n\u00f3i ti\u1ebfng Anh.<\/p>\n<h5>H\u00c3Y THAM GIA KH\u00d3A H\u1eccC N\u00c0Y N\u1ebeU:<\/h5>\n<ul>\n<li>B\u1ea1n mu\u1ed1n n\u00e2ng cao tr\u00ecnh \u0111\u1ed9 ti\u1ebfng anh c\u1ee7a m\u00ecnh<\/li>\n<li>B\u1ea1n mu\u1ed1n c\u00f3 \u0111\u01b0\u1ee3c l\u1ee3i th\u1ebf c\u1ea1nh tranh trong c\u00f4ng vi\u1ec7c<\/li>\n<li>B\u1ea1n s\u1ebd \u0111\u01b0\u1ee3c h\u01b0\u1edfng l\u1ee3i t\u1eeb vi\u1ec7c s\u1eed d\u1ee5ng ti\u1ebfng Anh<\/li>\n<li>B\u1ea1n mu\u1ed1n g\u1eb7p g\u1ee1 m\u1ecdi ng\u01b0\u1eddi t\u1eeb kh\u1eafp n\u01a1i tr\u00ean th\u1ebf gi\u1edbi<\/li>\n<li>B\u1ea1n mu\u1ed1n t\u0103ng kh\u1ea3 n\u0103ng l\u01b0u lo\u00e1t khi n\u00f3i chuy\u1ec7n v\u1edbi ng\u01b0\u1eddi b\u1ea3n ng\u1eef ti\u1ebfng Anh<\/li>\n<li>B\u1ea1n mu\u1ed1n c\u00f3 m\u1ed9t ch\u00fat ni\u1ec1m vui trong khi h\u1ecdc<\/li>\n<\/ul>","protected":false},"excerpt":{"rendered":"<p>Ch\u01b0\u01a1ng tr\u00ecnh Ti\u1ebfng Anh T\u1ed5ng qu\u00e1t-Ch\u01b0\u01a1ng tr\u00ecnh ESL t\u1ea1i Ouya Education cung c\u1ea5p cho ng\u01b0\u1eddi h\u1ecdc ba c\u1ea5p \u0111\u1ed9, t\u1eeb S\u01a1 c\u1ea5p \u0111\u1ebfn N\u00e2ng cao.<\/p>","protected":false},"featured_media":987,"template":"","meta":{"_acf_changed":false,"_seopress_robots_primary_cat":"none","_seopress_titles_title":" ESL Classes for Students Online %%sep%% %%sitetitle%%","_seopress_titles_desc":"Transform your Basic English language into professional skills by enrolling in our ESL classes online. Call us @ +1 (778) 350-0889 to learn more.","_seopress_robots_index":""},"product_brand":[],"product_cat":[16],"product_tag":[],"class_list":{"0":"post-14","1":"product","2":"type-product","3":"status-publish","4":"has-post-thumbnail","6":"product_cat-general-english-programs","8":"first","9":"instock","10":"virtual","11":"taxable","12":"purchasable","13":"product-type-simple"},"acf":[],"_links":{"self":[{"href":"https:\/\/ouyaeducation.ca\/vi\/wp-json\/wp\/v2\/product\/14","targetHints":{"allow":["GET"]}}],"collection":[{"href":"https:\/\/ouyaeducation.ca\/vi\/wp-json\/wp\/v2\/product"}],"about":[{"href":"https:\/\/ouyaeducation.ca\/vi\/wp-json\/wp\/v2\/types\/product"}],"wp:featuredmedia":[{"embeddable":true,"href":"https:\/\/ouyaeducation.ca\/vi\/wp-json\/wp\/v2\/media\/987"}],"wp:attachment":[{"href":"https:\/\/ouyaeducation.ca\/vi\/wp-json\/wp\/v2\/media?parent=14"}],"wp:term":[{"taxonomy":"product_brand","embeddable":true,"href":"https:\/\/ouyaeducation.ca\/vi\/wp-json\/wp\/v2\/product_brand?post=14"},{"taxonomy":"product_cat","embeddable":true,"href":"https:\/\/ouyaeducation.ca\/vi\/wp-json\/wp\/v2\/product_cat?post=14"},{"taxonomy":"product_tag","embeddable":true,"href":"https:\/\/ouyaeducation.ca\/vi\/wp-json\/wp\/v2\/product_tag?post=14"}],"curies":[{"name":"wp","href":"https:\/\/api.w.org\/{rel}","templated":true}]}}