{"id":15,"date":"2021-09-03T18:45:22","date_gmt":"2021-09-03T18:45:22","guid":{"rendered":"https:\/\/ouyaeducation.ca\/?post_type=product&#038;p=15"},"modified":"2022-06-10T06:47:12","modified_gmt":"2022-06-10T06:47:12","slug":"business-english-course","status":"publish","type":"product","link":"https:\/\/ouyaeducation.ca\/vi\/program\/business-english-course\/","title":{"rendered":"Kh\u00f3a h\u1ecdc ti\u1ebfng Anh th\u01b0\u01a1ng m\u1ea1i"},"content":{"rendered":"<h5>H\u00c3Y THAM GIA KH\u00d3A H\u1eccC N\u00c0Y N\u1ebeU:<\/h5>\n<ul>\n<li>B\u1ea1n \u0111ang b\u01b0\u1edbc v\u00e0o th\u1ebf gi\u1edbi kinh doanh \u1edf Canada<\/li>\n<li>Mu\u1ed1n c\u1ea3i thi\u1ec7n k\u1ef9 n\u0103ng kinh doanh v\u00e0 k\u1ef9 n\u0103ng v\u0103n h\u00f3a x c\u1ee7a b\u1ea1n<\/li>\n<li>B\u1ea1n \u0111\u00e3 l\u00e0 m\u1ed9t ng\u01b0\u1eddi n\u00f3i ti\u1ebfng Anh th\u00e0nh th\u1ea1o<\/li>\n<li>B\u1ea1n mu\u1ed1n t\u00ecm hi\u1ec3u v\u1ec1 c\u00e1c ch\u1ee7 \u0111\u1ec1 nh\u01b0: Ti\u1ebfp th\u1ecb, K\u1ebf to\u00e1n v\u00e0 L\u00e3nh \u0111\u1ea1o<\/li>\n<li>B\u1ea1n mu\u1ed1n t\u1ef1 tin trong c\u00e1c cu\u1ed9c h\u1ecdp kinh doanh<\/li>\n<\/ul>","protected":false},"excerpt":{"rendered":"<p>Ch\u01b0\u01a1ng tr\u00ecnh ti\u1ebfng Anh th\u01b0\u01a1ng m\u1ea1i cung c\u1ea5p cho sinh vi\u00ean c\u00e1c lo\u1ea1i k\u1ef9 n\u0103ng giao ti\u1ebfp c\u1ea7n thi\u1ebft trong th\u1ebf gi\u1edbi kinh doanh. Ch\u01b0\u01a1ng tr\u00ecnh bao g\u1ed3m c\u00e1c thu\u1eadt ng\u1eef kinh doanh th\u01b0\u1eddng \u0111\u01b0\u1ee3c s\u1eed d\u1ee5ng v\u00e0 th\u00f4ng tin trong t\u00e0i li\u1ec7u h\u1ecdc t\u1eadp.<\/p>","protected":false},"featured_media":978,"template":"","meta":{"_acf_changed":false,"_seopress_robots_primary_cat":"none","_seopress_titles_title":"%%post_title%% %%sep%% %%sitetitle%%","_seopress_titles_desc":"Gain an array of communication skills that are essential in the English business world. Limited seats available. Hurry and register today!","_seopress_robots_index":""},"product_brand":[],"product_cat":[16],"product_tag":[20],"class_list":{"0":"post-15","1":"product","2":"type-product","3":"status-publish","4":"has-post-thumbnail","6":"product_cat-general-english-programs","7":"product_tag-business","9":"first","10":"instock","11":"virtual","12":"taxable","13":"purchasable","14":"product-type-simple"},"acf":[],"_links":{"self":[{"href":"https:\/\/ouyaeducation.ca\/vi\/wp-json\/wp\/v2\/product\/15","targetHints":{"allow":["GET"]}}],"collection":[{"href":"https:\/\/ouyaeducation.ca\/vi\/wp-json\/wp\/v2\/product"}],"about":[{"href":"https:\/\/ouyaeducation.ca\/vi\/wp-json\/wp\/v2\/types\/product"}],"wp:featuredmedia":[{"embeddable":true,"href":"https:\/\/ouyaeducation.ca\/vi\/wp-json\/wp\/v2\/media\/978"}],"wp:attachment":[{"href":"https:\/\/ouyaeducation.ca\/vi\/wp-json\/wp\/v2\/media?parent=15"}],"wp:term":[{"taxonomy":"product_brand","embeddable":true,"href":"https:\/\/ouyaeducation.ca\/vi\/wp-json\/wp\/v2\/product_brand?post=15"},{"taxonomy":"product_cat","embeddable":true,"href":"https:\/\/ouyaeducation.ca\/vi\/wp-json\/wp\/v2\/product_cat?post=15"},{"taxonomy":"product_tag","embeddable":true,"href":"https:\/\/ouyaeducation.ca\/vi\/wp-json\/wp\/v2\/product_tag?post=15"}],"curies":[{"name":"wp","href":"https:\/\/api.w.org\/{rel}","templated":true}]}}