{"id":16,"date":"2021-09-03T18:46:24","date_gmt":"2021-09-03T18:46:24","guid":{"rendered":"https:\/\/ouyaeducation.ca\/?post_type=product&#038;p=16"},"modified":"2022-06-10T06:47:40","modified_gmt":"2022-06-10T06:47:40","slug":"summer-english-learning-camp","status":"publish","type":"product","link":"https:\/\/ouyaeducation.ca\/vi\/program\/summer-english-learning-camp\/","title":{"rendered":"Tr\u1ea1i h\u00e8 h\u1ecdc ti\u1ebfng Anh"},"content":{"rendered":"<p>Cho d\u00f9 h\u1ecdc sinh y\u00eau th\u00edch c\u00e1c l\u1edbp h\u1ecdc, c\u1ea7n ch\u00fa \u00fd th\u00eam ho\u1eb7c mu\u1ed1n h\u1ecdc v\u1edbi t\u1ed1c \u0111\u1ed9 nhanh, ch\u01b0\u01a1ng tr\u00ecnh n\u00e0y c\u00f3 hi\u1ec7u qu\u1ea3 cao trong vi\u1ec7c h\u1ed7 tr\u1ee3 ng\u01b0\u1eddi h\u1ecdc ti\u1ebfng Anh. C\u00e1c gi\u00e1o vi\u00ean c\u00f3 tr\u00ecnh \u0111\u1ed9 chuy\u00ean m\u00f4n c\u1ee7a ch\u00fang t\u00f4i s\u1ebd cung c\u1ea5p c\u00e1c b\u00e0i h\u1ecdc \u0111\u01b0\u1ee3c thi\u1ebft k\u1ebf ri\u00eang cho ph\u00f9 h\u1ee3p v\u1edbi nhu c\u1ea7u c\u1ee7a h\u1ecdc sinh. Li\u00ean h\u1ec7 v\u1edbi ch\u00fang t\u00f4i ngay b\u00e2y gi\u1edd \u0111\u1ec3 t\u00ecm hi\u1ec3u th\u00eam v\u1ec1 c\u01a1 h\u1ed9i h\u1ecdc ng\u00f4n ng\u1eef n\u00e0y!<\/p>","protected":false},"excerpt":{"rendered":"<p>Tr\u1ea1i h\u00e8 \u0110\u00e0o t\u1ea1o Chuy\u00ean s\u00e2u Ti\u1ebfng Anh \u0111\u01b0\u1ee3c thi\u1ebft k\u1ebf d\u00e0nh cho nh\u1eefng h\u1ecdc sinh mu\u1ed1n c\u1ea3i thi\u1ec7n c\u00e1c k\u1ef9 n\u0103ng Ti\u1ebfng Anh nghe, n\u00f3i, \u0111\u1ecdc v\u00e0 vi\u1ebft.<\/p>","protected":false},"featured_media":977,"template":"","meta":{"_acf_changed":false,"_seopress_robots_primary_cat":"none","_seopress_titles_title":"%%post_title%% %%sep%% %%sitetitle%%","_seopress_titles_desc":"Boost up your English learning and speaking talents with a summer training camp without wasting holidays. Make it count by calling us.","_seopress_robots_index":""},"product_brand":[],"product_cat":[16],"product_tag":[19,18],"class_list":{"0":"post-16","1":"product","2":"type-product","3":"status-publish","4":"has-post-thumbnail","6":"product_cat-general-english-programs","7":"product_tag-camp","8":"product_tag-summer","10":"first","11":"instock","12":"virtual","13":"taxable","14":"purchasable","15":"product-type-simple"},"acf":[],"_links":{"self":[{"href":"https:\/\/ouyaeducation.ca\/vi\/wp-json\/wp\/v2\/product\/16","targetHints":{"allow":["GET"]}}],"collection":[{"href":"https:\/\/ouyaeducation.ca\/vi\/wp-json\/wp\/v2\/product"}],"about":[{"href":"https:\/\/ouyaeducation.ca\/vi\/wp-json\/wp\/v2\/types\/product"}],"wp:featuredmedia":[{"embeddable":true,"href":"https:\/\/ouyaeducation.ca\/vi\/wp-json\/wp\/v2\/media\/977"}],"wp:attachment":[{"href":"https:\/\/ouyaeducation.ca\/vi\/wp-json\/wp\/v2\/media?parent=16"}],"wp:term":[{"taxonomy":"product_brand","embeddable":true,"href":"https:\/\/ouyaeducation.ca\/vi\/wp-json\/wp\/v2\/product_brand?post=16"},{"taxonomy":"product_cat","embeddable":true,"href":"https:\/\/ouyaeducation.ca\/vi\/wp-json\/wp\/v2\/product_cat?post=16"},{"taxonomy":"product_tag","embeddable":true,"href":"https:\/\/ouyaeducation.ca\/vi\/wp-json\/wp\/v2\/product_tag?post=16"}],"curies":[{"name":"wp","href":"https:\/\/api.w.org\/{rel}","templated":true}]}}