{"id":17,"date":"2021-09-03T18:48:25","date_gmt":"2021-09-03T18:48:25","guid":{"rendered":"https:\/\/ouyaeducation.ca\/?post_type=product&#038;p=17"},"modified":"2022-06-10T06:49:10","modified_gmt":"2022-06-10T06:49:10","slug":"high-school-english-course","status":"publish","type":"product","link":"https:\/\/ouyaeducation.ca\/vi\/program\/high-school-english-course\/","title":{"rendered":"Kh\u00f3a h\u1ecdc ti\u1ebfng Anh trung h\u1ecdc"},"content":{"rendered":"<p>C\u00e1c b\u00e0i h\u1ecdc \u0111\u01b0\u1ee3c thi\u1ebft k\u1ebf \u0111\u1ec3 mang l\u1ea1i s\u1ef1 t\u01b0\u01a1ng t\u00e1c gi\u1eefa gi\u00e1o vi\u00ean v\u00e0 h\u1ecdc sinh t\u1ed1i \u0111a v\u00e0 t\u1ea1o c\u01a1 h\u1ed9i cho h\u1ecdc sinh trau d\u1ed3i k\u1ef9 n\u0103ng ti\u1ebfng Anh c\u1ee7a m\u00ecnh cho c\u00e1c k\u1ef9 n\u0103ng kh\u00e1c nhau \u0111\u01b0\u1ee3c \u0111o l\u01b0\u1eddng b\u1edfi ch\u01b0\u01a1ng tr\u00ecnh gi\u1ea3ng d\u1ea1y ti\u1ebfng Anh 12 BC v\u1ec1 nghe, n\u00f3i, \u0111\u1ecdc v\u00e0 vi\u1ebft v\u1ec1 v\u0103n h\u1ecdc th\u1ebf k\u1ef7 19 v\u00e0 20 vi\u1ebft b\u1eb1ng ti\u1ebfng Anh.<\/p>\n<p>C\u00e1c gi\u1ea3ng vi\u00ean c\u1ee7a ch\u00fang t\u00f4i s\u1ebd cho ph\u1ee5 huynh v\u00e0 sinh vi\u00ean t\u01b0\u01a1ng lai xem c\u00e1c c\u00e2u tr\u1ea3 l\u1eddi theo m\u00f4 h\u00ecnh, v\u00e0 s\u1ebd th\u1ea3o lu\u1eadn v\u1ec1 c\u00e1c chi\u1ebfn l\u01b0\u1ee3c tr\u1ea3 l\u1eddi c\u00e2u h\u1ecfi. Tuy nhi\u00ean, tr\u00e1ch nhi\u1ec7m th\u1ef1c h\u00e0nh c\u00e1c k\u1ef9 n\u0103ng giao ti\u1ebfp c\u1ea7n thi\u1ebft s\u1ebd \u0111\u00f2i h\u1ecfi h\u1ecdc sinh ph\u1ea3i vi\u1ebft ph\u00ea b\u00ecnh v\u00e0 ch\u00ednh x\u00e1c \u0111\u1ec3 t\u1ea1o ra lo\u1ea1i b\u00e0i vi\u1ebft m\u00e0 ch\u01b0\u01a1ng tr\u00ecnh ti\u1ebfng Anh trung h\u1ecdc ph\u1ed5 th\u00f4ng y\u00eau c\u1ea7u. H\u1ecdc sinh kh\u00f4ng th\u1ec3 ch\u1ec9 ghi nh\u1edb v\u0103n b\u1ea3n ho\u1eb7c \u0111\u1eb7t c\u00e2u tr\u1ea3 l\u1eddi v\u00ec c\u00e1c lo\u1ea1i b\u00e0i ki\u1ec3m tra m\u00e0 h\u1ecd s\u1ebd g\u1eb7p ph\u1ea3i d\u1ef1a tr\u00ean c\u00e1c \u0111o\u1ea1n v\u0103n. Nh\u1eefng \u0111o\u1ea1n v\u0103n nh\u01b0 v\u1eady \u0111\u01b0\u1ee3c r\u00fat ra t\u1eeb nh\u1eefng b\u00e0i th\u01a1, truy\u1ec7n ng\u1eafn, nh\u1eefng b\u00e0i b\u00e1o phi h\u01b0 c\u1ea5u m\u00e0 h\u1ecdc sinh ch\u01b0a ch\u1eafc \u0111\u00e3 t\u1eebng xem qua. C\u0169ng s\u1ebd c\u00f3 m\u1ed9t ch\u1ee7 \u0111\u1ec1 s\u00e1ng t\u00e1c m\u1edf r\u1ed9ng m\u00e0 h\u1ecdc sinh kh\u00f4ng c\u00f3 kh\u1ea3 n\u0103ng \u0111\u00e3 xem x\u00e9t tr\u01b0\u1edbc \u0111\u00f3. Tuy nhi\u00ean, gi\u00e1o vi\u00ean h\u01b0\u1edbng d\u1eabn s\u1ebd tr\u00ecnh b\u00e0y t\u1ea5t c\u1ea3 c\u00e1c thu\u1eadt ng\u1eef quan tr\u1ecdng m\u00e0 h\u1ecdc sinh c\u00f3 th\u1ec3 g\u1eb7p ph\u1ea3i trong c\u00e1c k\u1ef3 thi ti\u1ebfng Anh \u1edf tr\u01b0\u1eddng trung h\u1ecdc BC, \u0111\u1ed3ng th\u1eddi s\u1ebd trang b\u1ecb cho h\u1ecdc sinh c\u00e1c chi\u1ebfn l\u01b0\u1ee3c so s\u00e1nh - \u0111\u1ed1i chi\u1ebfu v\u00e0 ph\u00e2n t\u00edch v\u0103n h\u1ecdc m\u00e0 h\u1ecdc sinh s\u1ebd th\u1ea5y h\u1eefu \u00edch khi vi\u1ebft c\u00e1c b\u00e0i t\u1eadp th\u01b0\u1eddng xuy\u00ean \u1edf tr\u01b0\u1eddng trung h\u1ecdc c\u01a1 s\u1edf v\u00e0 c\u00e1c b\u00e0i ki\u1ec3m tra cu\u1ed1i kh\u00f3a. .<\/p>","protected":false},"excerpt":{"rendered":"<p>Ch\u01b0\u01a1ng tr\u00ecnh Anh ng\u1eef Trung h\u1ecdc d\u1ef1a tr\u00ean m\u1ed9t ch\u01b0\u01a1ng tr\u00ecnh gi\u1ea3ng d\u1ea1y \u0111\u00e3 \u0111\u01b0\u1ee3c ki\u1ec3m ch\u1ee9ng qua th\u1eddi gian \u0111\u00e3 gi\u00fap nhi\u1ec1u h\u1ecdc sinh trung h\u1ecdc, \u0111\u1eb7c bi\u1ec7t l\u00e0 nh\u1eefng h\u1ecdc sinh qu\u1ed1c t\u1ebf \u0111\u00e3 chuy\u1ec3n \u0111\u1ebfn Greater Victoria trong n\u0103m n\u0103m qua, \u0111\u1ec3 c\u1ea3i thi\u1ec7n c\u00e1c k\u1ef9 n\u0103ng Anh ng\u1eef theo y\u00eau c\u1ea7u c\u1ee7a Anh ng\u1eef trung h\u1ecdc British Columbia. ch\u01b0\u01a1ng tr\u00ecnh gi\u1ea3ng d\u1ea1y.<\/p>","protected":false},"featured_media":983,"template":"","meta":{"_acf_changed":false,"_seopress_robots_primary_cat":"none","_seopress_titles_title":"%%post_title%% %%sep%% %%sitetitle%%","_seopress_titles_desc":"We are specially suited to offer maximum teacher-to-student interaction lessons and opportunities to refine their English skills. Register today!","_seopress_robots_index":""},"product_brand":[],"product_cat":[21],"product_tag":[22],"class_list":{"0":"post-17","1":"product","2":"type-product","3":"status-publish","4":"has-post-thumbnail","6":"product_cat-academic-english-programs","7":"product_tag-high-school","9":"first","10":"instock","11":"virtual","12":"taxable","13":"purchasable","14":"product-type-simple"},"acf":[],"_links":{"self":[{"href":"https:\/\/ouyaeducation.ca\/vi\/wp-json\/wp\/v2\/product\/17","targetHints":{"allow":["GET"]}}],"collection":[{"href":"https:\/\/ouyaeducation.ca\/vi\/wp-json\/wp\/v2\/product"}],"about":[{"href":"https:\/\/ouyaeducation.ca\/vi\/wp-json\/wp\/v2\/types\/product"}],"wp:featuredmedia":[{"embeddable":true,"href":"https:\/\/ouyaeducation.ca\/vi\/wp-json\/wp\/v2\/media\/983"}],"wp:attachment":[{"href":"https:\/\/ouyaeducation.ca\/vi\/wp-json\/wp\/v2\/media?parent=17"}],"wp:term":[{"taxonomy":"product_brand","embeddable":true,"href":"https:\/\/ouyaeducation.ca\/vi\/wp-json\/wp\/v2\/product_brand?post=17"},{"taxonomy":"product_cat","embeddable":true,"href":"https:\/\/ouyaeducation.ca\/vi\/wp-json\/wp\/v2\/product_cat?post=17"},{"taxonomy":"product_tag","embeddable":true,"href":"https:\/\/ouyaeducation.ca\/vi\/wp-json\/wp\/v2\/product_tag?post=17"}],"curies":[{"name":"wp","href":"https:\/\/api.w.org\/{rel}","templated":true}]}}