{"id":18,"date":"2021-09-03T18:48:44","date_gmt":"2021-09-03T18:48:44","guid":{"rendered":"https:\/\/ouyaeducation.ca\/?post_type=product&#038;p=18"},"modified":"2022-06-10T06:49:28","modified_gmt":"2022-06-10T06:49:28","slug":"ielts-preparation-course","status":"publish","type":"product","link":"https:\/\/ouyaeducation.ca\/vi\/program\/ielts-preparation-course\/","title":{"rendered":"Kh\u00f3a h\u1ecdc luy\u1ec7n thi IELTS"},"content":{"rendered":"<p>C\u00e1c b\u00e0i h\u1ecdc v\u1ec1 tr\u00ecnh \u0111\u1ed9 ng\u00f4n ng\u1eef \u0111\u01b0\u1ee3c thi\u1ebft k\u1ebf \u0111\u1ec3 mang l\u1ea1i s\u1ef1 t\u01b0\u01a1ng t\u00e1c gi\u1eefa gi\u00e1o vi\u00ean v\u00e0 h\u1ecdc sinh t\u1ed1i \u0111a, \u0111\u1ed3ng th\u1eddi mang \u0111\u1ebfn nhi\u1ec1u c\u01a1 h\u1ed9i cho h\u1ecdc sinh th\u1ef1c h\u00e0nh v\u00e0 trau d\u1ed3i ti\u1ebfng Anh n\u00f3i v\u00e0 vi\u1ebft cho m\u1ed7i ph\u1ea7n c\u1ee7a b\u00e0i ki\u1ec3m tra.<\/p>\n<p>H\u1ecdc sinh trong kh\u00f3a h\u1ecdc n\u00e0y s\u1ebd c\u00f3 \u0111\u01b0\u1ee3c th\u00f4ng qua ph\u1ea3n h\u1ed3i \u0111\u01b0\u1ee3c c\u00e1 nh\u00e2n h\u00f3a c\u00e1c k\u1ef9 n\u0103ng ng\u00f4n ng\u1eef m\u00e0 IELTS, \u0111\u01b0\u1ee3c ph\u00e1t tri\u1ec3n \u1edf Anh v\u00e0 \u00dac, y\u00eau c\u1ea7u cho b\u00e0i ki\u1ec3m tra. Kh\u00f3a h\u1ecdc gi\u00fap h\u1ecdc vi\u00ean ph\u00e1t tri\u1ec3n v\u00e0 th\u1ef1c h\u00e0nh c\u00e1c chi\u1ebfn l\u01b0\u1ee3c l\u00e0m b\u00e0i thi IELTS c\u1ee7a m\u00ecnh, \u0111\u1ed3ng th\u1eddi nh\u1eb1m gi\u00fap h\u1ecdc vi\u00ean \u0111\u1ea1t \u0111\u01b0\u1ee3c \u0111i\u1ec3m t\u1ed5ng k\u1ebft IELTS t\u1ed1i thi\u1ec3u l\u00e0 6.5.<\/p>","protected":false},"excerpt":{"rendered":"<p class=\"elementor-heading-title elementor-size-default\">Kh\u00f3a h\u1ecdc Luy\u1ec7n thi IELTS d\u1ef1a tr\u00ean ch\u01b0\u01a1ng tr\u00ecnh gi\u1ea3ng d\u1ea1y \u0111\u00e3 \u0111\u01b0\u1ee3c ki\u1ec3m ch\u1ee9ng qua th\u1eddi gian \u0111\u00e3 gi\u00fap h\u00e0ng ngh\u00ecn h\u1ecdc sinh qu\u1ed1c t\u1ebf \u0111\u1ea1t \u0111\u01b0\u1ee3c m\u1ee5c ti\u00eau (v\u00e0o \u0111\u1ea1i h\u1ecdc) trong m\u01b0\u1eddi l\u0103m n\u0103m qua, trong \u0111\u00f3 c\u00f3 nhi\u1ec1u h\u1ecdc sinh trung h\u1ecdc qu\u1ed1c t\u1ebf \u0111\u1ebfn t\u1eeb Greater Victoria.<\/p>","protected":false},"featured_media":982,"template":"","meta":{"_acf_changed":false,"_seopress_robots_primary_cat":"none","_seopress_titles_title":"Preparation Course for IELTS Exam Online %%sep%% Ouyaeducation.ca","_seopress_titles_desc":"Seeking excellent preparation courses for the IELTS exam online? Ouya International Education will offer a valuable time-tested syllabus.","_seopress_robots_index":""},"product_brand":[],"product_cat":[21],"product_tag":[23],"class_list":{"0":"post-18","1":"product","2":"type-product","3":"status-publish","4":"has-post-thumbnail","6":"product_cat-academic-english-programs","7":"product_tag-ielts","9":"first","10":"instock","11":"virtual","12":"taxable","13":"purchasable","14":"product-type-simple"},"acf":[],"_links":{"self":[{"href":"https:\/\/ouyaeducation.ca\/vi\/wp-json\/wp\/v2\/product\/18","targetHints":{"allow":["GET"]}}],"collection":[{"href":"https:\/\/ouyaeducation.ca\/vi\/wp-json\/wp\/v2\/product"}],"about":[{"href":"https:\/\/ouyaeducation.ca\/vi\/wp-json\/wp\/v2\/types\/product"}],"wp:featuredmedia":[{"embeddable":true,"href":"https:\/\/ouyaeducation.ca\/vi\/wp-json\/wp\/v2\/media\/982"}],"wp:attachment":[{"href":"https:\/\/ouyaeducation.ca\/vi\/wp-json\/wp\/v2\/media?parent=18"}],"wp:term":[{"taxonomy":"product_brand","embeddable":true,"href":"https:\/\/ouyaeducation.ca\/vi\/wp-json\/wp\/v2\/product_brand?post=18"},{"taxonomy":"product_cat","embeddable":true,"href":"https:\/\/ouyaeducation.ca\/vi\/wp-json\/wp\/v2\/product_cat?post=18"},{"taxonomy":"product_tag","embeddable":true,"href":"https:\/\/ouyaeducation.ca\/vi\/wp-json\/wp\/v2\/product_tag?post=18"}],"curies":[{"name":"wp","href":"https:\/\/api.w.org\/{rel}","templated":true}]}}