{"id":973,"date":"2021-09-14T20:15:04","date_gmt":"2021-09-14T20:15:04","guid":{"rendered":"https:\/\/ouyaeducation.ca\/?post_type=product&#038;p=973"},"modified":"2022-06-14T01:34:19","modified_gmt":"2022-06-14T01:34:19","slug":"english-editing-service","status":"publish","type":"product","link":"https:\/\/ouyaeducation.ca\/vi\/program\/english-editing-service\/","title":{"rendered":"D\u1ecbch v\u1ee5 ch\u1ec9nh s\u1eeda ti\u1ebfng Anh"},"content":{"rendered":"<p>T\u1ecda l\u1ea1c t\u1ea1i Victoria, BC, c\u00e1c bi\u00ean t\u1eadp vi\u00ean, ng\u01b0\u1eddi l\u1eadp ch\u1ec9 m\u1ee5c v\u00e0 ng\u01b0\u1eddi hi\u1ec7u \u0111\u00ednh gi\u00e0u kinh nghi\u1ec7m c\u1ee7a Ouya c\u00f3 b\u00ed quy\u1ebft \u0111\u1ecbnh h\u00ecnh v\u00e0 c\u1ee7ng c\u1ed1 t\u00e1c ph\u1ea9m vi\u1ebft c\u1ee7a b\u1ea1n, cho d\u00f9 \u0111\u00f3 l\u00e0 s\u00e1ch h\u1ecdc thu\u1eadt v\u00e0 c\u00e1c b\u00e0i b\u00e1o, truy\u1ec1n th\u00f4ng kinh doanh hay m\u1ed9t t\u00e1c ph\u1ea9m phi h\u01b0 c\u1ea5u.<\/p>\n<p>\u0110\u1ec3 \u0111\u00e1p \u1ee9ng nhu c\u1ea7u xu\u1ea5t b\u1ea3n \u0111a d\u1ea1ng c\u1ee7a kh\u00e1ch h\u00e0ng, \u0111\u1ed9i ng\u0169 bi\u00ean t\u1eadp vi\u00ean chuy\u00ean nghi\u1ec7p c\u1ee7a ch\u00fang t\u00f4i cung c\u1ea5p \u0111\u1ea7y \u0111\u1ee7 c\u00e1c d\u1ecbch v\u1ee5 l\u00e0nh ngh\u1ec1 c\u1ea3 tr\u1ef1c tuy\u1ebfn v\u00e0 t\u1ea1i c\u01a1 s\u1edf \u1edf Victoria, BC.<\/p>","protected":false},"excerpt":{"rendered":"<p>H\u00e3y th\u1ec3 hi\u1ec7n t\u1ed1t nh\u1ea5t kh\u1ea3 n\u0103ng c\u1ee7a b\u1ea1n v\u1edbi d\u1ecbch v\u1ee5 ch\u1ec9nh s\u1eeda chuy\u00ean nghi\u1ec7p c\u1ee7a ch\u00fang t\u00f4i!<\/p>\n<p>Xu\u1ea5t s\u1eafc. \u0110\u1ed9 tin c\u1eady. L\u00f2ng trung th\u00e0nh. D\u1ecbch v\u1ee5 t\u1ed1t.<\/p>","protected":false},"featured_media":976,"template":"","meta":{"_acf_changed":false,"_seopress_robots_primary_cat":"none","_seopress_titles_title":"%%post_title%% %%sep%% %%sitetitle%%","_seopress_titles_desc":"Take one step forward with our professional English editing service that achieves the client&#039;s publishing needs with no flaw.","_seopress_robots_index":""},"product_brand":[],"product_cat":[38],"product_tag":[34,35],"class_list":{"0":"post-973","1":"product","2":"type-product","3":"status-publish","4":"has-post-thumbnail","6":"product_cat-english-language-service","7":"product_tag-editing-service","8":"product_tag-writing-service","10":"first","11":"instock","12":"virtual","13":"taxable","14":"purchasable","15":"product-type-simple"},"acf":[],"_links":{"self":[{"href":"https:\/\/ouyaeducation.ca\/vi\/wp-json\/wp\/v2\/product\/973","targetHints":{"allow":["GET"]}}],"collection":[{"href":"https:\/\/ouyaeducation.ca\/vi\/wp-json\/wp\/v2\/product"}],"about":[{"href":"https:\/\/ouyaeducation.ca\/vi\/wp-json\/wp\/v2\/types\/product"}],"wp:featuredmedia":[{"embeddable":true,"href":"https:\/\/ouyaeducation.ca\/vi\/wp-json\/wp\/v2\/media\/976"}],"wp:attachment":[{"href":"https:\/\/ouyaeducation.ca\/vi\/wp-json\/wp\/v2\/media?parent=973"}],"wp:term":[{"taxonomy":"product_brand","embeddable":true,"href":"https:\/\/ouyaeducation.ca\/vi\/wp-json\/wp\/v2\/product_brand?post=973"},{"taxonomy":"product_cat","embeddable":true,"href":"https:\/\/ouyaeducation.ca\/vi\/wp-json\/wp\/v2\/product_cat?post=973"},{"taxonomy":"product_tag","embeddable":true,"href":"https:\/\/ouyaeducation.ca\/vi\/wp-json\/wp\/v2\/product_tag?post=973"}],"curies":[{"name":"wp","href":"https:\/\/api.w.org\/{rel}","templated":true}]}}