{"id":974,"date":"2021-09-14T20:21:48","date_gmt":"2021-09-14T20:21:48","guid":{"rendered":"https:\/\/ouyaeducation.ca\/?post_type=product&#038;p=974"},"modified":"2021-10-26T20:02:00","modified_gmt":"2021-10-26T20:02:00","slug":"immigration-consulting","status":"publish","type":"product","link":"https:\/\/ouyaeducation.ca\/vi\/program\/immigration-consulting\/","title":{"rendered":"T\u01b0 v\u1ea5n Nh\u1eadp c\u01b0"},"content":{"rendered":"<p>Ouya Education, c\u00f3 tr\u1ee5 s\u1edf t\u1ea1i Victoria, British Columbia, Canada, th\u01b0\u1eddng xuy\u00ean gi\u1ea3i quy\u1ebft c\u00e1c v\u1ea5n \u0111\u1ec1 v\u1ec1 vi\u1ec7c l\u00e0m (tuy\u1ec3n d\u1ee5ng v\u00e0 gi\u1eef ch\u00e2n) cho lao \u0111\u1ed9ng n\u01b0\u1edbc ngo\u00e0i t\u1ea1m th\u1eddi (TFW), c\u0169ng nh\u01b0 c\u00e1c \u0111\u01a1n xin c\u01b0 tr\u00fa t\u1ea1m th\u1eddi v\u00e0 th\u01b0\u1eddng tr\u00fa v\u00e0 c\u00e1c v\u1ea5n \u0111\u1ec1 nh\u1eadp c\u01b0 chung kh\u00e1c v\u1edbi c\u00e1c c\u01a1 quan li\u00ean bang c\u1ee7a Canada (IRCC v\u00e0 CBSA).<\/p>\n<p>Ouya Education c\u0169ng cung c\u1ea5p d\u1ecbch v\u1ee5 t\u01b0 v\u1ea5n gi\u00e1o d\u1ee5c cho sinh vi\u00ean - kh\u00e1ch h\u00e0ng mu\u1ed1n du h\u1ecdc Canada v\u00e0 c\u1ea7n tr\u1ee3 gi\u00fap v\u1ec1 <a href=\"https:\/\/ouyaeducation.ca\/vi\/program\/school-application-service\/\">quy tr\u00ecnh n\u1ed9p \u0111\u01a1n<\/a>.<\/p>\n<p>T\u1ea1i Ouya Education, ch\u00fang t\u00f4i \u0111\u00e3 n\u1ed7 l\u1ef1c h\u1ebft m\u00ecnh \u0111\u1ec3 h\u1ed7 tr\u1ee3 c\u00e1c sinh vi\u00ean ngo\u1ea1i ng\u1eef quan t\u00e2m \u0111\u1ebfn vi\u1ec7c \u0111\u1ebfn th\u0103m Canada v\u1edbi m\u1ee5c \u0111\u00edch h\u1ecdc t\u1eadp, l\u00e0m vi\u1ec7c v\u00e0 th\u1eadm ch\u00ed c\u00f3 th\u1ec3 \u0111\u1ecbnh c\u01b0 t\u1ea1i Canada.<\/p>\n<p>L\u00e0 m\u1ed9t c\u00f4ng ty chuy\u00ean nghi\u1ec7p, quy \u0111\u1ecbnh v\u00e0 t\u1ef1 \u0111\u1ecbnh h\u01b0\u1edbng c\u00f3 chuy\u00ean m\u00f4n v\u1ec1 lu\u1eadt, ch\u00ednh s\u00e1ch v\u00e0 th\u1ee7 t\u1ee5c nh\u1eadp c\u01b0, Ouya Education c\u00f3 li\u00ean h\u1ec7 v\u1edbi T\u01b0 v\u1ea5n nh\u1eadp c\u01b0 c\u1ee7a H\u1ed9i \u0111\u1ed3ng qu\u1ea3n l\u00fd Canada (ICCRC), c\u00e1c chuy\u00ean gia t\u01b0 v\u1ea5n \u0111\u01b0\u1ee3c ch\u1ee9ng nh\u1eadn (RCIC) l\u00e0 nh\u1eefng th\u00e0nh vi\u00ean \u0111\u1ea7y \u0111\u1ee7 c\u00f3 t\u01b0 c\u00e1ch t\u1ed1t , \u0111\u1ec3 \u0111\u1ea3m b\u1ea3o ch\u1ea5t l\u01b0\u1ee3ng c\u1ee7a t\u1ea5t c\u1ea3 c\u00e1c b\u1ea3n \u0111\u1ec7 tr\u00ecnh c\u1ee7a kh\u00e1ch h\u00e0ng t\u1edbi c\u00e1c c\u01a1 quan ch\u00ednh ph\u1ee7 kh\u00e1c nhau li\u00ean quan \u0111\u1ebfn gi\u1ea5y ph\u00e9p lao \u0111\u1ed9ng n\u01b0\u1edbc ngo\u00e0i v\u00e0 sinh vi\u00ean.<\/p>\n<p>Ch\u00fang t\u00f4i \u0111\u1ea1i di\u1ec7n cho kh\u00e1ch h\u00e0ng c\u1ee7a m\u00ecnh tr\u01b0\u1edbc B\u1ed9 Nh\u1eadp c\u01b0 v\u00e0 Ng\u01b0\u1eddi t\u1ecb n\u1ea1n Canada (IRCC), C\u01a1 quan D\u1ecbch v\u1ee5 Bi\u00ean gi\u1edbi Canada (CBSA) v\u00e0 H\u1ed9i \u0111\u1ed3ng Nh\u1eadp c\u01b0 v\u00e0 Ng\u01b0\u1eddi t\u1ecb n\u1ea1n Canada (IRB).<\/p>","protected":false},"excerpt":{"rendered":"<p>Ouya Education, which is based in Victoria, British Columbia, Canada, frequently deals with issues of employment (recruitment and retention) for temporary foreign workers (TFW), as well as temporary and permanent residency applications and other general immigration matters with Canadian federal departments (IRCC and CBSA). Ouya Education also provides educational consulting services for student- clients who [&hellip;]<\/p>\n","protected":false},"featured_media":980,"template":"","meta":{"_acf_changed":false,"_seopress_robots_primary_cat":"none","_seopress_titles_title":"Immigration Consulting Canada %%sep%% %%sitetitle%%","_seopress_titles_desc":"The Canada Immigration Agents at Ouya Education handle matters related to employment for foreign workers, residency applications, educational consulting, and more.","_seopress_robots_index":""},"product_brand":[],"product_cat":[38],"product_tag":[33],"class_list":{"0":"post-974","1":"product","2":"type-product","3":"status-publish","4":"has-post-thumbnail","6":"product_cat-english-language-service","7":"product_tag-immigration","9":"first","10":"instock","11":"virtual","12":"taxable","13":"purchasable","14":"product-type-simple"},"acf":[],"_links":{"self":[{"href":"https:\/\/ouyaeducation.ca\/vi\/wp-json\/wp\/v2\/product\/974","targetHints":{"allow":["GET"]}}],"collection":[{"href":"https:\/\/ouyaeducation.ca\/vi\/wp-json\/wp\/v2\/product"}],"about":[{"href":"https:\/\/ouyaeducation.ca\/vi\/wp-json\/wp\/v2\/types\/product"}],"wp:featuredmedia":[{"embeddable":true,"href":"https:\/\/ouyaeducation.ca\/vi\/wp-json\/wp\/v2\/media\/980"}],"wp:attachment":[{"href":"https:\/\/ouyaeducation.ca\/vi\/wp-json\/wp\/v2\/media?parent=974"}],"wp:term":[{"taxonomy":"product_brand","embeddable":true,"href":"https:\/\/ouyaeducation.ca\/vi\/wp-json\/wp\/v2\/product_brand?post=974"},{"taxonomy":"product_cat","embeddable":true,"href":"https:\/\/ouyaeducation.ca\/vi\/wp-json\/wp\/v2\/product_cat?post=974"},{"taxonomy":"product_tag","embeddable":true,"href":"https:\/\/ouyaeducation.ca\/vi\/wp-json\/wp\/v2\/product_tag?post=974"}],"curies":[{"name":"wp","href":"https:\/\/api.w.org\/{rel}","templated":true}]}}