{"id":975,"date":"2021-09-14T20:25:22","date_gmt":"2021-09-14T20:25:22","guid":{"rendered":"https:\/\/ouyaeducation.ca\/?post_type=product&#038;p=975"},"modified":"2022-09-26T16:44:56","modified_gmt":"2022-09-26T16:44:56","slug":"school-application-service","status":"publish","type":"product","link":"https:\/\/ouyaeducation.ca\/vi\/program\/school-application-service\/","title":{"rendered":"D\u1ecbch v\u1ee5 \u0111\u0103ng k\u00fd h\u1ecdc"},"content":{"rendered":"","protected":false},"excerpt":{"rendered":"<p>Ouya Education cung c\u1ea5p d\u1ecbch v\u1ee5 \u0111\u0103ng k\u00fd nh\u1eadp h\u1ecdc t\u1eeb tr\u01b0\u1eddng ti\u1ec3u h\u1ecdc \u0111\u1ebfn trung h\u1ecdc ph\u1ed5 th\u00f4ng v\u00e0 d\u1ecbch v\u1ee5 \u0111\u0103ng k\u00fd nh\u1eadp h\u1ecdc \u0111\u1ea1i h\u1ecdc cho h\u1ecdc sinh t\u1ed1t nghi\u1ec7p trung h\u1ecdc mu\u1ed1n theo h\u1ecdc t\u1ea1i c\u00e1c tr\u01b0\u1eddng \u0111\u1ea1i h\u1ecdc \u1edf B\u1eafc M\u1ef9.<\/p>","protected":false},"featured_media":979,"template":"","meta":{"_acf_changed":false,"_seopress_robots_primary_cat":"none","_seopress_titles_title":"%%post_title%% %%sep%% %%sitetitle%%","_seopress_titles_desc":"At Ouya International Education, we provide school admission applications from elementary to higher education. Contact us for more! +1 (778) 350-0889.","_seopress_robots_index":""},"product_brand":[],"product_cat":[38],"product_tag":[32],"class_list":{"0":"post-975","1":"product","2":"type-product","3":"status-publish","4":"has-post-thumbnail","6":"product_cat-english-language-service","7":"product_tag-school-application","9":"first","10":"instock","11":"virtual","12":"taxable","13":"purchasable","14":"product-type-simple"},"acf":[],"_links":{"self":[{"href":"https:\/\/ouyaeducation.ca\/vi\/wp-json\/wp\/v2\/product\/975","targetHints":{"allow":["GET"]}}],"collection":[{"href":"https:\/\/ouyaeducation.ca\/vi\/wp-json\/wp\/v2\/product"}],"about":[{"href":"https:\/\/ouyaeducation.ca\/vi\/wp-json\/wp\/v2\/types\/product"}],"wp:featuredmedia":[{"embeddable":true,"href":"https:\/\/ouyaeducation.ca\/vi\/wp-json\/wp\/v2\/media\/979"}],"wp:attachment":[{"href":"https:\/\/ouyaeducation.ca\/vi\/wp-json\/wp\/v2\/media?parent=975"}],"wp:term":[{"taxonomy":"product_brand","embeddable":true,"href":"https:\/\/ouyaeducation.ca\/vi\/wp-json\/wp\/v2\/product_brand?post=975"},{"taxonomy":"product_cat","embeddable":true,"href":"https:\/\/ouyaeducation.ca\/vi\/wp-json\/wp\/v2\/product_cat?post=975"},{"taxonomy":"product_tag","embeddable":true,"href":"https:\/\/ouyaeducation.ca\/vi\/wp-json\/wp\/v2\/product_tag?post=975"}],"curies":[{"name":"wp","href":"https:\/\/api.w.org\/{rel}","templated":true}]}}